{"id":1629,"date":"2023-09-21T13:44:41","date_gmt":"2023-09-21T11:44:41","guid":{"rendered":"https:\/\/senat.cm\/?page_id=1629"},"modified":"2023-04-24T04:36:20","modified_gmt":"2023-04-24T02:36:20","slug":"role-du-senat","status":"publish","type":"page","link":"https:\/\/senat.cm\/?page_id=1629","title":{"rendered":"Role du S\u00e9nat"},"content":{"rendered":"<section class=\"kc-elm kc-css-388570 kc_row\"><div class=\"kc-row-container  kc-container\"><div class=\"kc-wrap-columns\"><div class=\"kc-elm kc-css-394910 kc_column kc_col-sm-12\"><div class=\"kc-col-container\"><div data-kc-equalheight=\"true\" data-kc-row-action=\"true\" data-kc-equalheight-align=\"middle\" class=\"kc-elm kc-css-683385 kc_row kc_row_inner\"><div class=\"kc-elm kc-css-500294 kc_col-sm-4 kc_column_inner kc_col-sm-4\"><div class=\"kc_wrapper kc-col-inner-container\">\n<div class=\"kc-elm kc-css-108607 kc-image-hover-effects kc-img-effects-1 zoom_in\">\n\n\t<a href=\"https:\/\/senat.cm\/wp-content\/uploads\/2023\/04\/WhatsApp-Image-2023-10-19-at-12.22.19.jpeg\" rel=\"prettyPhoto\" class=\"kc-pretty-photo\"><img decoding=\"async\" src=\"https:\/\/senat.cm\/wp-content\/uploads\/2023\/04\/WhatsApp-Image-2023-10-19-at-12.22.19-1170x700xct.jpeg\" alt=\"\"\/><\/a><a href=\"https:\/\/senat.cm\/wp-content\/uploads\/2023\/04\/WhatsApp-Image-2023-10-19-at-12.22.19.jpeg\" rel=\"prettyPhoto\" class=\"kc-pretty-photo\"><div class=\"overlay-effects\"><\/div><\/a>\n<\/div><\/div><\/div><div class=\"kc-elm kc-css-141839 kc_col-sm-4 kc_column_inner kc_col-sm-4\"><div class=\"kc_wrapper kc-col-inner-container\">\n<div class=\"kc-elm kc-css-894873 kc-image-hover-effects kc-img-effects-1 zoom_in\">\n\n\t<a href=\"https:\/\/senat.cm\/wp-content\/uploads\/2023\/04\/WhatsApp-Image-2023-10-19-at-12.22.20.jpeg\" rel=\"prettyPhoto\" class=\"kc-pretty-photo\"><img decoding=\"async\" src=\"https:\/\/senat.cm\/wp-content\/uploads\/2023\/04\/WhatsApp-Image-2023-10-19-at-12.22.20-1170x700xct.jpeg\" alt=\"\"\/><\/a><a href=\"https:\/\/senat.cm\/wp-content\/uploads\/2023\/04\/WhatsApp-Image-2023-10-19-at-12.22.20.jpeg\" rel=\"prettyPhoto\" class=\"kc-pretty-photo\"><div class=\"overlay-effects\"><\/div><\/a>\n<\/div><\/div><\/div><div class=\"kc-elm kc-css-301819 kc_col-sm-4 kc_column_inner kc_col-sm-4\"><div class=\"kc_wrapper kc-col-inner-container\">\n<div class=\"kc-elm kc-css-538109 kc-image-hover-effects kc-img-effects-1 zoom_in\">\n\n\t<a href=\"https:\/\/senat.cm\/wp-content\/uploads\/2023\/04\/WhatsApp-Image-2023-10-19-at-12.19.35.jpeg\" rel=\"prettyPhoto\" class=\"kc-pretty-photo\"><img decoding=\"async\" src=\"https:\/\/senat.cm\/wp-content\/uploads\/2023\/04\/WhatsApp-Image-2023-10-19-at-12.19.35-1170x700xct.jpeg\" alt=\"\"\/><\/a><a href=\"https:\/\/senat.cm\/wp-content\/uploads\/2023\/04\/WhatsApp-Image-2023-10-19-at-12.19.35.jpeg\" rel=\"prettyPhoto\" class=\"kc-pretty-photo\"><div class=\"overlay-effects\"><\/div><\/a>\n<\/div><\/div><\/div><\/div><div class=\"kc-elm kc-css-985318 kc_text_block\"><\/p>\n<h3>R\u00f4le et Missions<\/h3>\n<p>Garant de la stabilit\u00e9 des institutions, le S\u00e9nat exerce des fonctions l\u00e9gislatives, de repr\u00e9sentation et constitutionnelles. A cet effet, il a ses r\u00e8gles de fonctionnement propres \u00e0 lui\u00a0; confin\u00e9es dans un r\u00e8glement int\u00e9rieur.<\/p>\n<p>Les s\u00e9nateurs ont pour r\u00f4le de l\u00e9gif\u00e9rer et contr\u00f4ler l\u2019action du Gouvernement. Ils v\u00e9rifient que les lois vot\u00e9es sont appliqu\u00e9es.<\/p>\n<p>La fonction l\u00e9gislative porte sur l\u2019\u00e9laboration, la mise sur pied, les discussions et le vote des lois, pour aboutir en d\u00e9finitive \u00e0 leur promulgation par le Pr\u00e9sident de la R\u00e9publique. Les s\u00e9nateurs examinent les projets de loi que leur soumet le Gouvernement ou les propositions de loi, initiative parlementaire.<\/p>\n<p>La fonction de repr\u00e9sentation des Collectivit\u00e9s Territoriales D\u00e9centralis\u00e9es, en harmonie avec les Conseillers R\u00e9gionaux et municipaux afin de promouvoir le d\u00e9veloppement \u00e9conomique, social, sanitaire, \u00e9ducatif, culturel et sportif de ces collectivit\u00e9s.<\/p>\n<p>La fonction Constitutionnelle consiste \u00e0 la d\u00e9volution du pouvoir au sein de l\u2019Etat et \u00e0 la saisine des organes constitutionnels.<\/p>\n<p>La fonction de Contr\u00f4le du Gouvernement \u00e0 travers les questions Orales ou des Commissions d\u2019enqu\u00eate sur des objets d\u00e9termin\u00e9s.<\/p>\n<p>\n<\/div><div data-kc-equalheight=\"true\" data-kc-row-action=\"true\" data-kc-equalheight-align=\"middle\" class=\"kc-elm kc-css-144375 kc_row kc_row_inner\"><div class=\"kc-elm kc-css-738772 kc_col-sm-3 kc_column_inner kc_col-sm-3\"><div class=\"kc_wrapper kc-col-inner-container\">\n<div class=\"kc-elm kc-css-977599 kc-image-hover-effects kc-img-effects-1 zoom_in\">\n\n\t<a href=\"https:\/\/senat.cm\/wp-content\/uploads\/2023\/04\/WhatsApp-Image-2023-10-19-at-12.28.49.jpeg\" rel=\"prettyPhoto\" class=\"kc-pretty-photo\"><img decoding=\"async\" src=\"https:\/\/senat.cm\/wp-content\/uploads\/2023\/04\/WhatsApp-Image-2023-10-19-at-12.28.49-1170x700xct.jpeg\" alt=\"\"\/><\/a><a href=\"https:\/\/senat.cm\/wp-content\/uploads\/2023\/04\/WhatsApp-Image-2023-10-19-at-12.28.49.jpeg\" rel=\"prettyPhoto\" class=\"kc-pretty-photo\"><div class=\"overlay-effects\"><\/div><\/a>\n<\/div><\/div><\/div><div class=\"kc-elm kc-css-355681 kc_col-sm-3 kc_column_inner kc_col-sm-3\"><div class=\"kc_wrapper kc-col-inner-container\">\n<div class=\"kc-elm kc-css-262597 kc-image-hover-effects kc-img-effects-1 zoom_in\">\n\n\t<a href=\"https:\/\/senat.cm\/wp-content\/uploads\/2023\/04\/WhatsApp-Image-2023-10-19-at-12.20.43.jpeg\" rel=\"prettyPhoto\" class=\"kc-pretty-photo\"><img decoding=\"async\" src=\"https:\/\/senat.cm\/wp-content\/uploads\/2023\/04\/WhatsApp-Image-2023-10-19-at-12.20.43-1170x700xct.jpeg\" alt=\"\"\/><\/a><a href=\"https:\/\/senat.cm\/wp-content\/uploads\/2023\/04\/WhatsApp-Image-2023-10-19-at-12.20.43.jpeg\" rel=\"prettyPhoto\" class=\"kc-pretty-photo\"><div class=\"overlay-effects\"><\/div><\/a>\n<\/div><\/div><\/div><div class=\"kc-elm kc-css-970114 kc_col-sm-3 kc_column_inner kc_col-sm-3\"><div class=\"kc_wrapper kc-col-inner-container\">\n<div class=\"kc-elm kc-css-252892 kc-image-hover-effects kc-img-effects-1 zoom_in\">\n\n\t<a href=\"https:\/\/senat.cm\/wp-content\/uploads\/2023\/04\/WhatsApp-Image-2023-10-19-at-12.19.36.jpeg\" rel=\"prettyPhoto\" class=\"kc-pretty-photo\"><img decoding=\"async\" src=\"https:\/\/senat.cm\/wp-content\/uploads\/2023\/04\/WhatsApp-Image-2023-10-19-at-12.19.36-1170x700xct.jpeg\" alt=\"\"\/><\/a><a href=\"https:\/\/senat.cm\/wp-content\/uploads\/2023\/04\/WhatsApp-Image-2023-10-19-at-12.19.36.jpeg\" rel=\"prettyPhoto\" class=\"kc-pretty-photo\"><div class=\"overlay-effects\"><\/div><\/a>\n<\/div><\/div><\/div><div class=\"kc-elm kc-css-688206 kc_col-sm-3 kc_column_inner kc_col-sm-3\"><div class=\"kc_wrapper kc-col-inner-container\">\n<div class=\"kc-elm kc-css-33571 kc-image-hover-effects kc-img-effects-1 zoom_in\">\n\n\t<a href=\"https:\/\/senat.cm\/wp-content\/uploads\/2023\/04\/WhatsApp-Image-2023-10-19-at-12.19.361.jpeg\" rel=\"prettyPhoto\" class=\"kc-pretty-photo\"><img decoding=\"async\" src=\"https:\/\/senat.cm\/wp-content\/uploads\/2023\/04\/WhatsApp-Image-2023-10-19-at-12.19.361-1170x700xct.jpeg\" alt=\"\"\/><\/a><a href=\"https:\/\/senat.cm\/wp-content\/uploads\/2023\/04\/WhatsApp-Image-2023-10-19-at-12.19.361.jpeg\" rel=\"prettyPhoto\" class=\"kc-pretty-photo\"><div class=\"overlay-effects\"><\/div><\/a>\n<\/div><\/div><\/div><\/div><\/div><\/div><\/div><\/div><\/section>\n","protected":false},"excerpt":{"rendered":"","protected":false},"author":1,"featured_media":0,"parent":0,"menu_order":0,"comment_status":"closed","ping_status":"closed","template":"page-full-width.php","meta":{"_monsterinsights_skip_tracking":false,"_monsterinsights_sitenote_active":false,"_monsterinsights_sitenote_note":"","_monsterinsights_sitenote_category":0,"footnotes":""},"folder":[],"class_list":["post-1629","page","type-page","status-publish","hentry"],"_links":{"self":[{"href":"https:\/\/senat.cm\/index.php?rest_route=\/wp\/v2\/pages\/1629","targetHints":{"allow":["GET"]}}],"collection":[{"href":"https:\/\/senat.cm\/index.php?rest_route=\/wp\/v2\/pages"}],"about":[{"href":"https:\/\/senat.cm\/index.php?rest_route=\/wp\/v2\/types\/page"}],"author":[{"embeddable":true,"href":"https:\/\/senat.cm\/index.php?rest_route=\/wp\/v2\/users\/1"}],"replies":[{"embeddable":true,"href":"https:\/\/senat.cm\/index.php?rest_route=%2Fwp%2Fv2%2Fcomments&post=1629"}],"version-history":[{"count":9,"href":"https:\/\/senat.cm\/index.php?rest_route=\/wp\/v2\/pages\/1629\/revisions"}],"predecessor-version":[{"id":2192,"href":"https:\/\/senat.cm\/index.php?rest_route=\/wp\/v2\/pages\/1629\/revisions\/2192"}],"wp:attachment":[{"href":"https:\/\/senat.cm\/index.php?rest_route=%2Fwp%2Fv2%2Fmedia&parent=1629"}],"wp:term":[{"taxonomy":"folder","embeddable":true,"href":"https:\/\/senat.cm\/index.php?rest_route=%2Fwp%2Fv2%2Ffolder&post=1629"}],"curies":[{"name":"wp","href":"https:\/\/api.w.org\/{rel}","templated":true}]}}