{"id":1631,"date":"2022-09-21T14:11:31","date_gmt":"2022-09-21T12:11:31","guid":{"rendered":"https:\/\/senat.cm\/?page_id=1631"},"modified":"2023-04-24T05:15:07","modified_gmt":"2023-04-24T03:15:07","slug":"composition-et-mode-delection","status":"publish","type":"page","link":"https:\/\/senat.cm\/?page_id=1631","title":{"rendered":"Composition et mode d&#8217;\u00e9lection"},"content":{"rendered":"<p><section class=\"kc-elm kc-css-747732 kc_row\"><div class=\"kc-row-container  kc-container\"><div class=\"kc-wrap-columns\"><div class=\"kc-elm kc-css-938694 kc_col-sm-12 kc_column kc_col-sm-12\"><div class=\"kc-col-container\"><div data-kc-equalheight=\"true\" data-kc-row-action=\"true\" data-kc-equalheight-align=\"middle\" class=\"kc-elm kc-css-743287 kc_row kc_row_inner\"><div class=\"kc-elm kc-css-4171 kc_col-sm-6 kc_column_inner kc_col-sm-6\"><div class=\"kc_wrapper kc-col-inner-container\"><div class=\"kc-elm kc-css-639949 kc_shortcode kc_single_image\">\n\n        <img decoding=\"async\" src=\"https:\/\/senat.cm\/wp-content\/uploads\/2023\/04\/Map-election.jpeg\" class=\"\" alt=\"\" \/>    <\/div>\n<\/div><\/div><div class=\"kc-elm kc-css-644290 kc_col-sm-6 kc_column_inner kc_col-sm-6\"><div class=\"kc_wrapper kc-col-inner-container\"><div class=\"kc-elm kc-css-42738 kc_text_block\"><\/p>\n<p>Le S\u00e9nat au Cameroun repr\u00e9sente les collectivit\u00e9s territoriales d\u00e9centralis\u00e9es et chacune des dix (10) r\u00e9gions y est repr\u00e9sent\u00e9e par dix (10) S\u00e9nateurs dont\u00a0:<\/p>\n<ul>\n<li>Sept \u00e9lus au suffrage universel indirect sur la base r\u00e9gionale et<\/li>\n<li>Trois (03) nomm\u00e9s par le Pr\u00e9sident de la R\u00e9publique.<\/li>\n<\/ul>\n<p>Les membres du S\u00e9nat portent le titre de \u00ab\u00a0S\u00e9nateur\u00a0\u00bb, et leur mandat est de cinq (05) ans.<\/p>\n<p>\n<\/div><\/div><\/div><\/div><\/div><\/div><\/div><\/div><\/section><section class=\"kc-elm kc-css-266973 kc_row\"><div class=\"kc-row-container  kc-container\"><div class=\"kc-wrap-columns\"><div class=\"kc-elm kc-css-709802 kc_col-sm-3 kc_column kc_col-sm-3\"><div class=\"kc-col-container\">\n<div class=\"kc-elm kc-css-581237 kc-image-hover-effects kc-img-effects-1 zoom_in\">\n\n\t<a href=\"https:\/\/senat.cm\/wp-content\/uploads\/2023\/04\/WhatsApp-Image-2023-10-19-at-12.33.56.jpeg\" rel=\"prettyPhoto\" class=\"kc-pretty-photo\"><img decoding=\"async\" src=\"https:\/\/senat.cm\/wp-content\/uploads\/2023\/04\/WhatsApp-Image-2023-10-19-at-12.33.56-1170x700xct.jpeg\" alt=\"\"\/><\/a><a href=\"https:\/\/senat.cm\/wp-content\/uploads\/2023\/04\/WhatsApp-Image-2023-10-19-at-12.33.56.jpeg\" rel=\"prettyPhoto\" class=\"kc-pretty-photo\"><div class=\"overlay-effects\"><\/div><\/a>\n<\/div><\/div><\/div><div class=\"kc-elm kc-css-889072 kc_col-sm-3 kc_column kc_col-sm-3\"><div class=\"kc-col-container\">\n<div class=\"kc-elm kc-css-285071 kc-image-hover-effects kc-img-effects-1 zoom_in\">\n\n\t<a href=\"https:\/\/senat.cm\/wp-content\/uploads\/2023\/04\/WhatsApp-Image-2023-10-19-at-12.33.551.jpeg\" rel=\"prettyPhoto\" class=\"kc-pretty-photo\"><img decoding=\"async\" src=\"https:\/\/senat.cm\/wp-content\/uploads\/2023\/04\/WhatsApp-Image-2023-10-19-at-12.33.551-1170x700xct.jpeg\" alt=\"\"\/><\/a><a href=\"https:\/\/senat.cm\/wp-content\/uploads\/2023\/04\/WhatsApp-Image-2023-10-19-at-12.33.551.jpeg\" rel=\"prettyPhoto\" class=\"kc-pretty-photo\"><div class=\"overlay-effects\"><\/div><\/a>\n<\/div><\/div><\/div><div class=\"kc-elm kc-css-535582 kc_col-sm-3 kc_column kc_col-sm-3\"><div class=\"kc-col-container\">\n<div class=\"kc-elm kc-css-285542 kc-image-hover-effects kc-img-effects-1 zoom_in\">\n\n\t<a href=\"https:\/\/senat.cm\/wp-content\/uploads\/2023\/04\/WhatsApp-Image-2023-10-19-at-12.33.55.jpeg\" rel=\"prettyPhoto\" class=\"kc-pretty-photo\"><img decoding=\"async\" src=\"https:\/\/senat.cm\/wp-content\/uploads\/2023\/04\/WhatsApp-Image-2023-10-19-at-12.33.55-1170x700xct.jpeg\" alt=\"\"\/><\/a><a href=\"https:\/\/senat.cm\/wp-content\/uploads\/2023\/04\/WhatsApp-Image-2023-10-19-at-12.33.55.jpeg\" rel=\"prettyPhoto\" class=\"kc-pretty-photo\"><div class=\"overlay-effects\"><\/div><\/a>\n<\/div><\/div><\/div><div class=\"kc-elm kc-css-609057 kc_col-sm-3 kc_column kc_col-sm-3\"><div class=\"kc-col-container\">\n<div class=\"kc-elm kc-css-427539 kc-image-hover-effects kc-img-effects-1 zoom_in\">\n\n\t<a href=\"https:\/\/senat.cm\/wp-content\/uploads\/2023\/04\/WhatsApp-Image-2023-10-19-at-12.33.561.jpeg\" rel=\"prettyPhoto\" class=\"kc-pretty-photo\"><img decoding=\"async\" src=\"https:\/\/senat.cm\/wp-content\/uploads\/2023\/04\/WhatsApp-Image-2023-10-19-at-12.33.561-1170x700xct.jpeg\" alt=\"\"\/><\/a><a href=\"https:\/\/senat.cm\/wp-content\/uploads\/2023\/04\/WhatsApp-Image-2023-10-19-at-12.33.561.jpeg\" rel=\"prettyPhoto\" class=\"kc-pretty-photo\"><div class=\"overlay-effects\"><\/div><\/a>\n<\/div><\/div><\/div><\/div><\/div><\/section><\/p>\n","protected":false},"excerpt":{"rendered":"","protected":false},"author":1,"featured_media":0,"parent":0,"menu_order":0,"comment_status":"closed","ping_status":"closed","template":"page-full-width.php","meta":{"_monsterinsights_skip_tracking":false,"_monsterinsights_sitenote_active":false,"_monsterinsights_sitenote_note":"","_monsterinsights_sitenote_category":0,"footnotes":""},"folder":[],"class_list":["post-1631","page","type-page","status-publish","hentry"],"_links":{"self":[{"href":"https:\/\/senat.cm\/index.php?rest_route=\/wp\/v2\/pages\/1631","targetHints":{"allow":["GET"]}}],"collection":[{"href":"https:\/\/senat.cm\/index.php?rest_route=\/wp\/v2\/pages"}],"about":[{"href":"https:\/\/senat.cm\/index.php?rest_route=\/wp\/v2\/types\/page"}],"author":[{"embeddable":true,"href":"https:\/\/senat.cm\/index.php?rest_route=\/wp\/v2\/users\/1"}],"replies":[{"embeddable":true,"href":"https:\/\/senat.cm\/index.php?rest_route=%2Fwp%2Fv2%2Fcomments&post=1631"}],"version-history":[{"count":13,"href":"https:\/\/senat.cm\/index.php?rest_route=\/wp\/v2\/pages\/1631\/revisions"}],"predecessor-version":[{"id":1632,"href":"https:\/\/senat.cm\/index.php?rest_route=\/wp\/v2\/pages\/1631\/revisions\/1632"}],"wp:attachment":[{"href":"https:\/\/senat.cm\/index.php?rest_route=%2Fwp%2Fv2%2Fmedia&parent=1631"}],"wp:term":[{"taxonomy":"folder","embeddable":true,"href":"https:\/\/senat.cm\/index.php?rest_route=%2Fwp%2Fv2%2Ffolder&post=1631"}],"curies":[{"name":"wp","href":"https:\/\/api.w.org\/{rel}","templated":true}]}}