{"id":1633,"date":"2023-09-21T14:13:12","date_gmt":"2023-09-21T12:13:12","guid":{"rendered":"https:\/\/senat.cm\/?page_id=1633"},"modified":"2023-04-24T05:28:56","modified_gmt":"2023-04-24T03:28:56","slug":"fonctionnement-du-senat","status":"publish","type":"page","link":"https:\/\/senat.cm\/?page_id=1633","title":{"rendered":"Fonctionnement du S\u00e9nat"},"content":{"rendered":"<p><section class=\"kc-elm kc-css-952307 kc_row\"><div class=\"kc-row-container  kc-container\"><div class=\"kc-wrap-columns\"><div class=\"kc-elm kc-css-272115 kc_col-sm-12 kc_column kc_col-sm-12\"><div class=\"kc-col-container\"><div class=\"kc-elm kc-css-922582\" style=\"height: 59px; clear: both; width:100%;\"><\/div><div class=\"kc-elm kc-css-310606 kc_text_block\"><\/p>\n<p>Chaque ann\u00e9e le S\u00e9nat tient trois (03) Sessions ordinaires d\u2019une dur\u00e9e de trente (30) jours chacune. La premi\u00e8re Session ordinaire du S\u00e9nat S\u2019ouvre au mois de mars, la deuxi\u00e8me au mois de juin et la troisi\u00e8me au mois de novembre. La date d\u2019ouverture de chaque session est fix\u00e9e par arr\u00eat\u00e9 du Bureau du S\u00e9nat apr\u00e8s consultation du Pr\u00e9sident de la R\u00e9publique.<\/p>\n<p>Au d\u00e9but de la l\u00e9gislature ou de la premi\u00e8re Session ordinaire de l\u2019ann\u00e9e l\u00e9gislative, il est proc\u00e9d\u00e9 avant toute d\u00e9lib\u00e9ration \u00e0 l\u2019\u00e9lection du Bureau d\u00e9finitif du S\u00e9nat.<\/p>\n<p>\n<\/div><div class=\"kc-elm kc-css-907781\" style=\"height: 59px; clear: both; width:100%;\"><\/div><\/div><\/div><\/div><\/div><\/section><section class=\"kc-elm kc-css-341918 kc_row\"><div class=\"kc-row-container  kc-container\"><div class=\"kc-wrap-columns\"><div class=\"kc-elm kc-css-750342 kc_col-sm-3 kc_column kc_col-sm-3\"><div class=\"kc-col-container\">\n<div class=\"kc-elm kc-css-566697 kc-image-hover-effects kc-img-effects-1 zoom_in\">\n\n\t<a href=\"https:\/\/senat.cm\/wp-content\/uploads\/2023\/04\/WhatsApp-Image-2023-10-19-at-12.33.551.jpeg\" rel=\"prettyPhoto\" class=\"kc-pretty-photo\"><img decoding=\"async\" src=\"https:\/\/senat.cm\/wp-content\/uploads\/2023\/04\/WhatsApp-Image-2023-10-19-at-12.33.551-1170x700xct.jpeg\" alt=\"\"\/><\/a><a href=\"https:\/\/senat.cm\/wp-content\/uploads\/2023\/04\/WhatsApp-Image-2023-10-19-at-12.33.551.jpeg\" rel=\"prettyPhoto\" class=\"kc-pretty-photo\"><div class=\"overlay-effects\"><\/div><\/a>\n<\/div><\/div><\/div><div class=\"kc-elm kc-css-12103 kc_col-sm-3 kc_column kc_col-sm-3\"><div class=\"kc-col-container\">\n<div class=\"kc-elm kc-css-441244 kc-image-hover-effects kc-img-effects-1 zoom_in\">\n\n\t<a href=\"https:\/\/senat.cm\/wp-content\/uploads\/2023\/04\/WhatsApp-Image-2023-10-19-at-12.33.56.jpeg\" rel=\"prettyPhoto\" class=\"kc-pretty-photo\"><img decoding=\"async\" src=\"https:\/\/senat.cm\/wp-content\/uploads\/2023\/04\/WhatsApp-Image-2023-10-19-at-12.33.56-1170x700xct.jpeg\" alt=\"\"\/><\/a><a href=\"https:\/\/senat.cm\/wp-content\/uploads\/2023\/04\/WhatsApp-Image-2023-10-19-at-12.33.56.jpeg\" rel=\"prettyPhoto\" class=\"kc-pretty-photo\"><div class=\"overlay-effects\"><\/div><\/a>\n<\/div><\/div><\/div><div class=\"kc-elm kc-css-176280 kc_col-sm-3 kc_column kc_col-sm-3\"><div class=\"kc-col-container\">\n<div class=\"kc-elm kc-css-670640 kc-image-hover-effects kc-img-effects-1 zoom_in\">\n\n\t<a href=\"https:\/\/senat.cm\/wp-content\/uploads\/2023\/04\/WhatsApp-Image-2023-10-19-at-12.33.55.jpeg\" rel=\"prettyPhoto\" class=\"kc-pretty-photo\"><img decoding=\"async\" src=\"https:\/\/senat.cm\/wp-content\/uploads\/2023\/04\/WhatsApp-Image-2023-10-19-at-12.33.55-1170x700xct.jpeg\" alt=\"\"\/><\/a><a href=\"https:\/\/senat.cm\/wp-content\/uploads\/2023\/04\/WhatsApp-Image-2023-10-19-at-12.33.55.jpeg\" rel=\"prettyPhoto\" class=\"kc-pretty-photo\"><div class=\"overlay-effects\"><\/div><\/a>\n<\/div><\/div><\/div><div class=\"kc-elm kc-css-275736 kc_col-sm-3 kc_column kc_col-sm-3\"><div class=\"kc-col-container\">\n<div class=\"kc-elm kc-css-236514 kc-image-hover-effects kc-img-effects-1 zoom_in\">\n\n\t<a href=\"https:\/\/senat.cm\/wp-content\/uploads\/2023\/04\/WhatsApp-Image-2023-10-19-at-12.33.561.jpeg\" rel=\"prettyPhoto\" class=\"kc-pretty-photo\"><img decoding=\"async\" src=\"https:\/\/senat.cm\/wp-content\/uploads\/2023\/04\/WhatsApp-Image-2023-10-19-at-12.33.561-1170x700xct.jpeg\" alt=\"\"\/><\/a><a href=\"https:\/\/senat.cm\/wp-content\/uploads\/2023\/04\/WhatsApp-Image-2023-10-19-at-12.33.561.jpeg\" rel=\"prettyPhoto\" class=\"kc-pretty-photo\"><div class=\"overlay-effects\"><\/div><\/a>\n<\/div><\/div><\/div><\/div><\/div><\/section><\/p>\n","protected":false},"excerpt":{"rendered":"","protected":false},"author":1,"featured_media":0,"parent":0,"menu_order":0,"comment_status":"closed","ping_status":"closed","template":"page-full-width.php","meta":{"_monsterinsights_skip_tracking":false,"_monsterinsights_sitenote_active":false,"_monsterinsights_sitenote_note":"","_monsterinsights_sitenote_category":0,"footnotes":""},"folder":[],"class_list":["post-1633","page","type-page","status-publish","hentry"],"_links":{"self":[{"href":"https:\/\/senat.cm\/index.php?rest_route=\/wp\/v2\/pages\/1633","targetHints":{"allow":["GET"]}}],"collection":[{"href":"https:\/\/senat.cm\/index.php?rest_route=\/wp\/v2\/pages"}],"about":[{"href":"https:\/\/senat.cm\/index.php?rest_route=\/wp\/v2\/types\/page"}],"author":[{"embeddable":true,"href":"https:\/\/senat.cm\/index.php?rest_route=\/wp\/v2\/users\/1"}],"replies":[{"embeddable":true,"href":"https:\/\/senat.cm\/index.php?rest_route=%2Fwp%2Fv2%2Fcomments&post=1633"}],"version-history":[{"count":7,"href":"https:\/\/senat.cm\/index.php?rest_route=\/wp\/v2\/pages\/1633\/revisions"}],"predecessor-version":[{"id":1637,"href":"https:\/\/senat.cm\/index.php?rest_route=\/wp\/v2\/pages\/1633\/revisions\/1637"}],"wp:attachment":[{"href":"https:\/\/senat.cm\/index.php?rest_route=%2Fwp%2Fv2%2Fmedia&parent=1633"}],"wp:term":[{"taxonomy":"folder","embeddable":true,"href":"https:\/\/senat.cm\/index.php?rest_route=%2Fwp%2Fv2%2Ffolder&post=1633"}],"curies":[{"name":"wp","href":"https:\/\/api.w.org\/{rel}","templated":true}]}}