{"id":1764,"date":"2023-09-26T19:17:48","date_gmt":"2023-09-26T17:17:48","guid":{"rendered":"https:\/\/senat.cm\/?page_id=1764"},"modified":"2025-04-28T15:45:06","modified_gmt":"2025-04-28T14:45:06","slug":"textes-et-lois","status":"publish","type":"page","link":"https:\/\/senat.cm\/?page_id=1764","title":{"rendered":"Textes et lois"},"content":{"rendered":"<p><section class=\"kc-elm kc-css-961860 kc_row\"><div class=\"kc-row-container  kc-container\"><div class=\"kc-wrap-columns\"><div class=\"kc-elm kc-css-410010 kc_col-sm-12 kc_column kc_col-sm-12\"><div class=\"kc-col-container\"><div class=\"kc-elm kc-css-658081\" style=\"height: 50px; clear: both; width:100%;\"><\/div><div class=\"kc-elm kc-css-614878 kc_text_block\"><\/p>\n<p class=\"MsoNormal\" style=\"margin: 0cm 0cm 8pt; line-height: 15.6933px; font-size: 11pt; font-family: Calibri, sans-serif; color: #000000; text-align: justify;\"><b><span lang=\"FR\" style=\"font-size: 14pt; line-height: 19.9733px; font-family: 'Times New Roman', serif;\">De la cr\u00e9ation de la Loi<\/span><\/b><\/p>\n<p class=\"MsoNormal\" style=\"margin: 0cm 0cm 8pt; line-height: 15.6933px; font-size: 11pt; font-family: Calibri, sans-serif; color: #000000; text-align: justify;\"><span lang=\"FR\" style=\"font-size: 14pt; line-height: 19.9733px; font-family: 'Times New Roman', serif;\">Le processus de cr\u00e9ation de la Loi n\u00e9cessite sept \u00e9tapes avant son aboutissement notamment\u00a0:<b><\/b><\/span><\/p>\n<p>\n<\/div><div class=\"kc-elm kc-css-209640 kc_accordion_wrapper\">\n<div class=\"kc-elm kc-css-594878 kc_accordion_section group \"><h3 class=\"kc_accordion_header ui-accordion-header\"><span class=\"ui-accordion-header-icon ui-icon\"><\/span><a href=\"#linitiative\" data-prevent=\"scroll\"><i class=\"\"><\/i> L\u2019initiative<\/a><\/h3><div class=\"kc_accordion_content ui-accordion-content kc_clearfix\"><div class=\"kc-panel-body\"><div class=\"kc-elm kc-css-468793 kc_text_block\"><\/p>\n<p>\nL\u2019initiative de la loi appartient \u00e0 la fois au Gouvernement et aux parlementaires. Le Gouvernement pr\u00e9pare des projets de loi et les parlementaires les propositions.<\/p>\n<p>\n<\/div><\/div><\/div><\/div><div class=\"kc-elm kc-css-953136 kc_accordion_section group \"><h3 class=\"kc_accordion_header ui-accordion-header\"><span class=\"ui-accordion-header-icon ui-icon\"><\/span><a href=\"#le-depot\" data-prevent=\"scroll\"><i class=\"\"><\/i> Le d\u00e9p\u00f4t <\/a><\/h3><div class=\"kc_accordion_content ui-accordion-content kc_clearfix\"><div class=\"kc-panel-body\"><div class=\"kc-elm kc-css-769979 kc_text_block\"><\/p>\n<p>\nLes projets et propositions de loi doivent \u00eatre examin\u00e9es par les deux chambres du parlement. Le d\u00e9p\u00f4t d\u2019un projet de loi peut s\u2019effectuer indiff\u00e9remment, sauf dans certains cas, au Bureau de l\u2019Assembl\u00e9e Nationale ou du S\u00e9nat. En revanche, une proposition de loi doit \u00eatre d\u00e9pos\u00e9e obligatoirement sur le Bureau de l\u2019assembl\u00e9e auteur de la proposition.<\/p>\n<p>\n<\/div><\/div><\/div><\/div><div class=\"kc-elm kc-css-779135 kc_accordion_section group \"><h3 class=\"kc_accordion_header ui-accordion-header\"><span class=\"ui-accordion-header-icon ui-icon\"><\/span><a href=\"#lexamen-de-la-premiere-assemblee\" data-prevent=\"scroll\"><i class=\"\"><\/i> L\u2019examen de la premi\u00e8re assembl\u00e9e<\/a><\/h3><div class=\"kc_accordion_content ui-accordion-content kc_clearfix\"><div class=\"kc-panel-body\"><div class=\"kc-elm kc-css-973291 kc_text_block\"><\/p>\n<p>\nLe texte est d\u2019abord examin\u00e9 par la commission comp\u00e9tente pour le domaine concern\u00e9 par la future Loi. Elle d\u00e9signe un rapporteur qui \u00e9tudie les textes et r\u00e9dige un rapport. Il peut, comme les autres membres de la commission, proposer des modifications au teste de la future loi. Ce sont des amendements. Le rapport est ensuite adopt\u00e9 par la commission.<\/p>\n<p>\n<\/div><\/div><\/div><\/div><div class=\"kc-elm kc-css-257816 kc_accordion_section group \"><h3 class=\"kc_accordion_header ui-accordion-header\"><span class=\"ui-accordion-header-icon ui-icon\"><\/span><a href=\"#le-vote-de-la-premiere-assemblee\" data-prevent=\"scroll\"><i class=\"\"><\/i> Le vote de la premi\u00e8re assembl\u00e9e<\/a><\/h3><div class=\"kc_accordion_content ui-accordion-content kc_clearfix\"><div class=\"kc-panel-body\"><div class=\"kc-elm kc-css-765747 kc_text_block\"><\/p>\n<p>\nLe projet ou la proposition de la loi, apr\u00e8s inscription \u00e0 l\u2019ordre du jour, peut \u00eatre examin\u00e9 (e) par la premi\u00e8re assembl\u00e9e ou il a \u00e9t\u00e9 d\u00e9pos\u00e9 (Assembl\u00e9e Nationale ou S\u00e9nat apr\u00e8s un d\u00e9lai de six semaines apr\u00e8s son d\u00e9p\u00f4t).<\/p>\n<p>Selon le cas, les d\u00e9put\u00e9s ou les S\u00e9nateurs votent d\u2019abord pour chaque article et amendement. Avant de voter sur l\u2019ensemble du texte. Une fois adopt\u00e9, le texte est transmis \u00e0 la seconde assembl\u00e9e. (S\u00e9nat ou Assembl\u00e9e Nationale).<\/p>\n<p>\n<\/div><\/div><\/div><\/div><div class=\"kc-elm kc-css-748716 kc_accordion_section group \"><h3 class=\"kc_accordion_header ui-accordion-header\"><span class=\"ui-accordion-header-icon ui-icon\"><\/span><a href=\"#la-navette-entre-les-deux-assemblees\" data-prevent=\"scroll\"><i class=\"\"><\/i> La navette entre les deux assembl\u00e9es<\/a><\/h3><div class=\"kc_accordion_content ui-accordion-content kc_clearfix\"><div class=\"kc-panel-body\"><div class=\"kc-elm kc-css-405533 kc_text_block\"><\/p>\n<p>\nLa seconde assembl\u00e9e examine le texte le texte selon les m\u00eames r\u00e8gles apr\u00e8s un d\u00e9lai de quatre semaines apr\u00e8s ses transmissions. Des amendements peuvent aussi \u00eatre vot\u00e9s. Le texte doit alors repartir vers la premi\u00e8re assembl\u00e9e pour \u00eatre \u00e0 nouveau examin\u00e9. C\u2019est la navette. Pendant cette phase, seuls les articles modifi\u00e9s sont \u00e9tudi\u00e9s.<\/p>\n<p>\n<\/div><\/div><\/div><\/div><div class=\"kc-elm kc-css-622647 kc_accordion_section group \"><h3 class=\"kc_accordion_header ui-accordion-header\"><span class=\"ui-accordion-header-icon ui-icon\"><\/span><a href=\"#ladoption\" data-prevent=\"scroll\"><i class=\"\"><\/i> L\u2019adoption<\/a><\/h3><div class=\"kc_accordion_content ui-accordion-content kc_clearfix\"><div class=\"kc-panel-body\"><div class=\"kc-elm kc-css-593533 kc_text_block\"><\/p>\n<p>\nLe projet ou la proposition de loi, est adopt\u00e9 lorsqu\u2019il est vot\u00e9 dans les m\u00eames termes par les assembl\u00e9es. En cas de d\u00e9saccord, le Gouvernement peut convoquer une commission mixte paritaire. Celle-ci propose un texte commun vot\u00e9 ensuite par chaque assembl\u00e9e. En cas d\u2019\u00e9chec, une nouvelle lecture de texte a lieu dans les deux assembl\u00e9es et le Gouvernement peut donner le dernier mot \u00e0 l\u2019Assembl\u00e9e Nationale.<\/p>\n<p>\n<\/div><\/div><\/div><\/div><div class=\"kc-elm kc-css-849634 kc_accordion_section group \"><h3 class=\"kc_accordion_header ui-accordion-header\"><span class=\"ui-accordion-header-icon ui-icon\"><\/span><a href=\"#la-promulgation\" data-prevent=\"scroll\"><i class=\"\"><\/i> La promulgation<\/a><\/h3><div class=\"kc_accordion_content ui-accordion-content kc_clearfix\"><div class=\"kc-panel-body\"><div class=\"kc-elm kc-css-889723 kc_text_block\"><\/p>\n<p>\nLe texte est ensuite promulgu\u00e9 par le Pr\u00e9sident de la R\u00e9publique dans les 15 jours. Pendant de d\u00e9lai, le pr\u00e9sident peut demander un nouvel examen du texte et le Conseil Constitutionnel peut \u00eatre saisi pour v\u00e9rifier qu\u2019il n\u2019est pas contraire \u00e0 la constitution. La loi promulgu\u00e9e entre en vigueur apr\u00e8s sa publication au journal officiel et des d\u00e9crets d\u2019application permettent sa mise en \u0153uvre.<\/p>\n<p>\n<\/div><\/div><\/div><\/div><\/div>\n<div class=\"kc-elm kc-css-910698\" style=\"height: 50px; clear: both; width:100%;\"><\/div><div class=\"kc-elm kc-css-354227 kc_text_block\"><\/p>\n<p class=\"MsoNormal\" style=\"margin: 0cm 0cm 8pt; line-height: 15.6933px; font-size: 11pt; font-family: Calibri, sans-serif; color: #000000; text-align: justify;\"><b><span lang=\"FR\" style=\"font-size: 14pt; line-height: 19.9733px; font-family: 'Times New Roman', serif;\">Textes et Lois du S\u00e9nat<\/span><\/b><\/p>\n<p>\n<\/div><div class=\"kc-elm kc-css-28501\" style=\"height: 50px; clear: both; width:100%;\"><\/div><\/div><\/div><\/div><\/div><\/section><section class=\"kc-elm kc-css-238757 kc_row\"><div class=\"kc-row-container  kc-container\"><div class=\"kc-wrap-columns\"><div class=\"kc-elm kc-css-493745 kc_col-sm-3 kc_column kc_col-sm-3\"><div class=\"kc-col-container\"><div class=\"kc-elm kc-css-491321 kc-feature-boxes kc-fb-layout-3\">\n\n\t<div class=\"content-icon\"><i class=\"fa-file-pdf\"><\/i><\/div><div class=\"box-right\"><div class=\"content-desc\">law N\u00b0 010 of 25 July 2023 Governing the Railway Sector in Cameroon<\/div><\/div>\n<\/div>\n<div class=\"kc-elm kc-css-942202 kc-raw-code\">[doc id=1949]<\/div><\/div><\/div><div class=\"kc-elm kc-css-986834 kc_col-sm-3 kc_column kc_col-sm-3\"><div class=\"kc-col-container\"><div class=\"kc-elm kc-css-152974 kc-feature-boxes kc-fb-layout-3\">\n\n\t<div class=\"content-icon\"><i class=\"fa-file-pdf\"><\/i><\/div><div class=\"box-right\"><div class=\"content-desc\">law N\u00b0 009 of 25 July 2023 To Institute the Charter on Child Online Protection in Cameroon<\/div><\/div>\n<\/div>\n<div class=\"kc-elm kc-css-278630 kc-raw-code\">[doc id=1950]<\/div><\/div><\/div><div class=\"kc-elm kc-css-90513 kc_col-sm-3 kc_column kc_col-sm-3\"><div class=\"kc-col-container\"><div class=\"kc-elm kc-css-278553 kc-feature-boxes kc-fb-layout-3\">\n\n\t<div class=\"content-icon\"><i class=\"fa-file-pdf\"><\/i><\/div><div class=\"box-right\"><div class=\"content-desc\">law N\u00b0 008 of 25 July 2023 To Lay Down the General Regime of Public-Private Partnership Contracts<\/div><\/div>\n<\/div>\n<div class=\"kc-elm kc-css-761099 kc-raw-code\">[doc id=1951]<\/div><\/div><\/div><div class=\"kc-elm kc-css-538979 kc_col-sm-3 kc_column kc_col-sm-3\"><div class=\"kc-col-container\"><div class=\"kc-elm kc-css-787539 kc-feature-boxes kc-fb-layout-3\">\n\n\t<div class=\"content-icon\"><i class=\"fa-file-pdf\"><\/i><\/div><div class=\"box-right\"><div class=\"content-desc\">law N\u00b0 003 of 25 July 2023 To Ratify Bilateral Cooperation Agreement<\/div><\/div>\n<\/div>\n<div class=\"kc-elm kc-css-78380 kc-raw-code\">[doc id=1952]<\/div><\/div><\/div><\/div><\/div><\/section><section class=\"kc-elm kc-css-515622 kc_row\"><div class=\"kc-row-container  kc-container\"><div class=\"kc-wrap-columns\"><div class=\"kc-elm kc-css-100893 kc_col-sm-3 kc_column kc_col-sm-3\"><div class=\"kc-col-container\"><div class=\"kc-elm kc-css-954452 kc-feature-boxes kc-fb-layout-3\">\n\n\t<div class=\"content-icon\"><i class=\"fa-file-pdf\"><\/i><\/div><div class=\"box-right\"><div class=\"content-desc\">law N\u00b0 011 of 25 July 2023 Governing Guarantees and Debt Recovery by Public Entities Enjoying the Treasury's Preferenttial Rights<\/div><\/div>\n<\/div>\n<div class=\"kc-elm kc-css-863187 kc-raw-code\">[doc id=1953]<\/div><\/div><\/div><div class=\"kc-elm kc-css-831570 kc_col-sm-3 kc_column kc_col-sm-3\"><div class=\"kc-col-container\"><div class=\"kc-elm kc-css-798024 kc-feature-boxes kc-fb-layout-3\">\n\n\t<div class=\"content-icon\"><i class=\"fa-file-pdf\"><\/i><\/div><div class=\"box-right\"><div class=\"content-desc\">LOI N 20022- 010 DU 14 JUIL 2022 AUTORISANT LE PRESIDENT DE LA REPUBLIQUE A RATIFER LA CONVENTION MULTILATERALE DE SUCURITE SOCIALE DE LA CONFERENCE INTERAFRICAINE DE LA PREVOYANCE SOCIALE<\/div><\/div>\n<\/div>\n<div class=\"kc-elm kc-css-764353 kc-raw-code\">[doc id=1973]<\/div><\/div><\/div><div class=\"kc-elm kc-css-118797 kc_col-sm-3 kc_column kc_col-sm-3\"><div class=\"kc-col-container\"><div class=\"kc-elm kc-css-296538 kc-feature-boxes kc-fb-layout-3\">\n\n\t<div class=\"content-icon\"><i class=\"fa-file-pdf\"><\/i><\/div><div class=\"box-right\"><div class=\"content-desc\">LOI N 2022- 013 DU 14 JUIL 2022 AUTORISANT LE PRESIDENT DE LA REPUBLIQUE A RATIFIER LE PROTOCLE PORTANT AMENDEMENT DE L'ARTICLE 56 DE LA CONVENTION RELATIVE A L'AVIATION CIVILE INTERNATIONALE<\/div><\/div>\n<\/div>\n<div class=\"kc-elm kc-css-95389 kc-raw-code\">[doc id=1975]<\/div><\/div><\/div><div class=\"kc-elm kc-css-242575 kc_col-sm-3 kc_column kc_col-sm-3\"><div class=\"kc-col-container\"><div class=\"kc-elm kc-css-195105 kc-feature-boxes kc-fb-layout-3\">\n\n\t<div class=\"content-icon\"><i class=\"fa-file-pdf\"><\/i><\/div><div class=\"box-right\"><div class=\"content-desc\">LOI N 2022-012 DU 14 JUIL 2022 AUTORISANT LE PRESIDENT DE LA REPUBLIQUE A RATIFIER LE PROTOCOLE PORTANT AMENDEMENT DE L'ARTICLE 50 [A] DE LA CONVENTION RELATIVE A L'AVIATION CIVILE INTERNATIONALE OCTOBR<\/div><\/div>\n<\/div>\n<div class=\"kc-elm kc-css-133257 kc-raw-code\">[doc id=1976]<\/div><\/div><\/div><\/div><\/div><\/section><section class=\"kc-elm kc-css-847073 kc_row\"><div class=\"kc-row-container  kc-container\"><div class=\"kc-wrap-columns\"><div class=\"kc-elm kc-css-864010 kc_col-sm-12 kc_column kc_col-sm-12\"><div class=\"kc-col-container\"><div class=\"widget widget_wpdm_search kc-elm kc-css-536491\"><div class='w3eden'><form action='https:\/\/senat.cm\/?page_id=1764' class='wpdm-pro'><div class='input-group input-group-lg'><input placeholder='Rechercher\u2026' type=text class='form-control' name='search' \/><span class='input-group-btn input-group-append'><button class='btn btn-secondary'><i class='fas fa-search'><\/i><\/button><\/span><\/div><div class='clear'><\/div><\/form><\/div><\/div>            <div class=\"widget widget_catpackages kc-elm kc-css-103132\">            <div class='w3eden'><!-- WPDM Link Template: Tabbed Card -->\n\n\n<div class=\"card link-template-tabcard\">\n    <div class=\"card-img-top\">\n        \n    <\/div>\n    <div class=\"card-header  d-flex justify-content-between align-items-center\">\n        <h3 class=\"package-title\" style=\"max-width: 60%;overflow: hidden;text-overflow: ellipsis;white-space: nowrap;font-size: 14px;margin-top: 10px\">Loi des finances 2025<\/h3>\n        <ul class=\"nav nav-tabs card-header-tabs\">\n            <li class=\"nav-item\">\n                <a class=\"nav-link active\" data-toggle=\"tab\" data-target=\"#desc\" href=\"#desc\">Description<\/a>\n            <\/li>\n            <li class=\"nav-item\">\n                <a class=\"nav-link\" data-toggle=\"tab\" data-target=\"#info\" href=\"#info\">Info de l\u2019offre<\/a>\n            <\/li>\n        <\/ul>\n    <\/div>\n    <div class=\"card-body p-0\">\n        <div class=\"tab-content\">\n            <div class=\"tab-pane active p-4\" id=\"desc\" role=\"tabpanel\"><\/div>\n            <div class=\"tab-pane\" id=\"info\" role=\"tabpanel\">\n                <ul class=\"list-group list-group-flush ml-0 mb-2\">\n                    <li class=\"list-group-item d-flex justify-content-between align-items-center wpdm_hide wpdm_remove_empty\">\n                        Version\n                        <span class=\"badge\"><\/span>\n                    <\/li>\n                    <li class=\"list-group-item d-flex justify-content-between align-items-center [hide_empty:download_count]\">\n                        T\u00e9l\u00e9charger\n                        <span class=\"badge\">38<\/span>\n                    <\/li>\n                    <li class=\"list-group-item d-flex justify-content-between align-items-center [hide_empty:file_size]\">\n                        Taille du fichier\n                        <span class=\"badge\">19 Mo<\/span>\n                    <\/li>\n                    <li class=\"list-group-item d-flex justify-content-between align-items-center [hide_empty:file_count]\">\n                        Nombre de fichiers\n                        <span class=\"badge\">1<\/span>\n                    <\/li>\n                    <li class=\"list-group-item d-flex justify-content-between align-items-center [hide_empty:create_date]\">\n                        Date de cr\u00e9ation\n                        <span class=\"badge\">28 avril, 2025<\/span>\n                    <\/li>\n                    <li class=\"list-group-item d-flex justify-content-between align-items-center [hide_empty:update_date]\">\n                        Derni\u00e8re mise \u00e0 jour\n                        <span class=\"badge\">28 avril, 2025<\/span>\n                    <\/li>\n\n                <\/ul>\n            <\/div>\n        <\/div>\n    <\/div>\n    <div class=\"card-footer bg-transparent d-flex justify-content-between align-items-center\">\n        <a class='wpdm-download-link download-on-click btn btn-primary ' rel='nofollow' href='#' data-downloadurl=\"https:\/\/senat.cm\/?wpdmpro=loi-des-finances-2025&wpdmdl=3023&refresh=69e9ed9ccf88c1776938396\">T\u00e9l\u00e9charger<\/a>\n    <\/div>\n<\/div>\n<!-- WPDM Link Template: Tabbed Card -->\n\n\n<div class=\"card link-template-tabcard\">\n    <div class=\"card-img-top\">\n        \n    <\/div>\n    <div class=\"card-header  d-flex justify-content-between align-items-center\">\n        <h3 class=\"package-title\" style=\"max-width: 60%;overflow: hidden;text-overflow: ellipsis;white-space: nowrap;font-size: 14px;margin-top: 10px\">Loi du 25 Juillet 2023 autorisant le pr\u00e9sident de la<\/h3>\n        <ul class=\"nav nav-tabs card-header-tabs\">\n            <li class=\"nav-item\">\n                <a class=\"nav-link active\" data-toggle=\"tab\" data-target=\"#desc\" href=\"#desc\">Description<\/a>\n            <\/li>\n            <li class=\"nav-item\">\n                <a class=\"nav-link\" data-toggle=\"tab\" data-target=\"#info\" href=\"#info\">Info de l\u2019offre<\/a>\n            <\/li>\n        <\/ul>\n    <\/div>\n    <div class=\"card-body p-0\">\n        <div class=\"tab-content\">\n            <div class=\"tab-pane active p-4\" id=\"desc\" role=\"tabpanel\"><p>Loi du 25 Juillet 2023 autorisant le pr\u00e9sident de la r\u00e9publique \u00e0 ratifier l'accord cadre de coop\u00e9ration de d\u00e9fense et de s\u00e9curit\u00e9 entre le Cameroun et l'Egypte<\/p>\n<\/div>\n            <div class=\"tab-pane\" id=\"info\" role=\"tabpanel\">\n                <ul class=\"list-group list-group-flush ml-0 mb-2\">\n                    <li class=\"list-group-item d-flex justify-content-between align-items-center wpdm_hide wpdm_remove_empty\">\n                        Version\n                        <span class=\"badge\"><\/span>\n                    <\/li>\n                    <li class=\"list-group-item d-flex justify-content-between align-items-center [hide_empty:download_count]\">\n                        T\u00e9l\u00e9charger\n                        <span class=\"badge\">13<\/span>\n                    <\/li>\n                    <li class=\"list-group-item d-flex justify-content-between align-items-center [hide_empty:file_size]\">\n                        Taille du fichier\n                        <span class=\"badge\">802 Ko<\/span>\n                    <\/li>\n                    <li class=\"list-group-item d-flex justify-content-between align-items-center [hide_empty:file_count]\">\n                        Nombre de fichiers\n                        <span class=\"badge\">1<\/span>\n                    <\/li>\n                    <li class=\"list-group-item d-flex justify-content-between align-items-center [hide_empty:create_date]\">\n                        Date de cr\u00e9ation\n                        <span class=\"badge\">25 juillet, 2023<\/span>\n                    <\/li>\n                    <li class=\"list-group-item d-flex justify-content-between align-items-center [hide_empty:update_date]\">\n                        Derni\u00e8re mise \u00e0 jour\n                        <span class=\"badge\">28 avril, 2025<\/span>\n                    <\/li>\n\n                <\/ul>\n            <\/div>\n        <\/div>\n    <\/div>\n    <div class=\"card-footer bg-transparent d-flex justify-content-between align-items-center\">\n        <a class='wpdm-download-link download-on-click btn btn-primary ' rel='nofollow' href='#' data-downloadurl=\"https:\/\/senat.cm\/?wpdmpro=loi-du-25-juillet-2023-autorisant-le-president-de-la&wpdmdl=3034&refresh=69e9ed9cd1d221776938396\">T\u00e9l\u00e9charger<\/a>\n    <\/div>\n<\/div>\n<\/div><\/div><\/div><\/div><\/div><\/div><\/section><\/p>\n","protected":false},"excerpt":{"rendered":"","protected":false},"author":1,"featured_media":0,"parent":0,"menu_order":0,"comment_status":"closed","ping_status":"closed","template":"","meta":{"_monsterinsights_skip_tracking":false,"_monsterinsights_sitenote_active":false,"_monsterinsights_sitenote_note":"","_monsterinsights_sitenote_category":0,"footnotes":""},"folder":[],"class_list":["post-1764","page","type-page","status-publish","hentry"],"_links":{"self":[{"href":"https:\/\/senat.cm\/index.php?rest_route=\/wp\/v2\/pages\/1764","targetHints":{"allow":["GET"]}}],"collection":[{"href":"https:\/\/senat.cm\/index.php?rest_route=\/wp\/v2\/pages"}],"about":[{"href":"https:\/\/senat.cm\/index.php?rest_route=\/wp\/v2\/types\/page"}],"author":[{"embeddable":true,"href":"https:\/\/senat.cm\/index.php?rest_route=\/wp\/v2\/users\/1"}],"replies":[{"embeddable":true,"href":"https:\/\/senat.cm\/index.php?rest_route=%2Fwp%2Fv2%2Fcomments&post=1764"}],"version-history":[{"count":48,"href":"https:\/\/senat.cm\/index.php?rest_route=\/wp\/v2\/pages\/1764\/revisions"}],"predecessor-version":[{"id":3041,"href":"https:\/\/senat.cm\/index.php?rest_route=\/wp\/v2\/pages\/1764\/revisions\/3041"}],"wp:attachment":[{"href":"https:\/\/senat.cm\/index.php?rest_route=%2Fwp%2Fv2%2Fmedia&parent=1764"}],"wp:term":[{"taxonomy":"folder","embeddable":true,"href":"https:\/\/senat.cm\/index.php?rest_route=%2Fwp%2Fv2%2Ffolder&post=1764"}],"curies":[{"name":"wp","href":"https:\/\/api.w.org\/{rel}","templated":true}]}}