{"id":2265,"date":"2023-04-23T04:44:09","date_gmt":"2023-04-23T02:44:09","guid":{"rendered":"https:\/\/senat.cm\/?page_id=2265"},"modified":"2023-04-23T04:44:09","modified_gmt":"2023-04-23T02:44:09","slug":"the-senate-bureau","status":"publish","type":"page","link":"https:\/\/senat.cm\/?page_id=2265&lang=en","title":{"rendered":"The Senate Bureau"},"content":{"rendered":"<p><section class=\"kc-elm kc-css-757444 kc_row\"><div class=\"kc-row-container  kc-container\"><div class=\"kc-wrap-columns\"><div class=\"kc-elm kc-css-85520 kc_column kc_col-sm-12\"><div class=\"kc-col-container\"><div class=\"kc-elm kc-css-748804 kc_row kc_row_inner\"><div class=\"kc-elm kc-css-21867 kc_col-sm-12 kc_column_inner kc_col-sm-12\"><div class=\"kc_wrapper kc-col-inner-container\"><div class=\"kc-elm kc-css-839830\" style=\"height: 50px; clear: both; width:100%;\"><\/div><\/div><\/div><\/div><\/div><\/div><\/div><\/div><\/section><section class=\"kc-elm kc-css-477417 kc_row\"><div class=\"kc-row-container  kc-container\"><div class=\"kc-wrap-columns\"><div class=\"kc-elm kc-css-641653 kc_col-sm-12 kc_column kc_col-sm-12\"><div class=\"kc-col-container\"><div class=\"kc-elm kc-css-51682 kc_shortcode kc_single_image\">\n\n        <img decoding=\"async\" src=\"https:\/\/senat.cm\/wp-content\/uploads\/2023\/09\/SEN.-NIAT-NJIFENJI-Marcel-240x300.jpg\" class=\"\" alt=\"\" \/>    <\/div>\n<div class=\"kc-elm kc-css-102923 kc_text_block\"><\/p>\n<h5 style=\"text-align: center;\"><strong>Marcel NIAT NJIFENJI<\/strong><\/h5>\n<p style=\"text-align: center;\">President of Cameroonian Senate<\/p>\n<p>\n<\/div><\/div><\/div><\/div><\/div><\/section><section class=\"kc-elm kc-css-149759 kc_row\"><div class=\"kc-row-container  kc-container\"><div class=\"kc-wrap-columns\"><div class=\"kc-elm kc-css-855549 kc_col-sm-12 kc_column kc_col-sm-12\"><div class=\"kc-col-container\"><div class=\"kc-elm kc-css-552330 kc_shortcode kc_single_image\">\n\n        <img decoding=\"async\" src=\"https:\/\/senat.cm\/wp-content\/uploads\/2023\/09\/SEN.-ABOUBAKARY-ABDOULAYE-200x300.jpg\" class=\"\" alt=\"\" \/>    <\/div>\n<div class=\"kc-elm kc-css-479899 kc_text_block\"><\/p>\n<h5 style=\"text-align: center;\">His Majesty ABOUBAKARY ABDOULAYE<\/h5>\n<p style=\"text-align: center;\">1st Vice-President of Cameroonian Senate<\/p>\n<p>\n<\/div><div class=\"kc-elm kc-css-545437\" style=\"height: 40px; clear: both; width:100%;\"><\/div><\/div><\/div><\/div><\/div><\/section><section class=\"kc-elm kc-css-186102 kc_row\"><div class=\"kc-row-container  kc-container\"><div class=\"kc-wrap-columns\"><div class=\"kc-elm kc-css-377286 kc_column kc_col-sm-12\"><div class=\"kc-col-container\"><div class=\"kc-elm kc-css-770050 kc_row kc_row_inner\"><div class=\"kc-elm kc-css-84957 kc_col-sm-12 kc_column_inner kc_col-sm-12\"><div class=\"kc_wrapper kc-col-inner-container\"><div class=\"kc-elm kc-css-182027\" style=\"height: 50px; clear: both; width:100%;\"><\/div><\/div><\/div><\/div><\/div><\/div><\/div><\/div><\/section><section class=\"kc-elm kc-css-314436 kc_row\"><div class=\"kc-row-container  kc-container\"><div class=\"kc-wrap-columns\"><div class=\"kc-elm kc-css-503908 kc_col-sm-3 kc_column kc_col-sm-3\"><div class=\"kc-col-container\"><div class=\"kc-elm kc-css-805363 kc_shortcode kc_single_image\">\n\n        <img decoding=\"async\" src=\"https:\/\/senat.cm\/wp-content\/uploads\/2023\/09\/SEN.-TABETANDO-NDIEB-NSO-scaled-250x400xc.jpg\" class=\"\" alt=\"\" \/>    <\/div>\n<div class=\"kc-elm kc-css-150017 kc_text_block\"><\/p>\n<h5 style=\"text-align: center;\">H.M. NFOR TABETANDO NDIEB-NSO<\/h5>\n<p style=\"text-align: center;\">Vice-President of Cameroonian Senate<\/p>\n<p>\n<\/div><\/div><\/div><div class=\"kc-elm kc-css-493860 kc_col-sm-3 kc_column kc_col-sm-3\"><div class=\"kc-col-container\"><div class=\"kc-elm kc-css-342130 kc_shortcode kc_single_image\">\n\n        <img decoding=\"async\" src=\"https:\/\/senat.cm\/wp-content\/uploads\/2023\/09\/SEN.-DIN-BELL-ARMANDE-scaled-250x400xc.jpg\" class=\"\" alt=\"\" \/>    <\/div>\n<div class=\"kc-elm kc-css-148067 kc_text_block\"><\/p>\n<h5 style=\"text-align: center;\">Din Bell Marie Armande<\/h5>\n<p style=\"text-align: center;\">Vice-President of Cameroonian Senate<\/p>\n<p>\n<\/div><\/div><\/div><div class=\"kc-elm kc-css-564934 kc_col-sm-3 kc_column kc_col-sm-3\"><div class=\"kc-col-container\"><div class=\"kc-elm kc-css-988812 kc_shortcode kc_single_image\">\n\n        <img decoding=\"async\" src=\"https:\/\/senat.cm\/wp-content\/uploads\/2023\/09\/Sen.-NKILI-Robert-scaled-250x400xc.jpg\" class=\"\" alt=\"\" \/>    <\/div>\n<div class=\"kc-elm kc-css-542810 kc_text_block\"><\/p>\n<h5 style=\"text-align: center;\">Robert Nkili<\/h5>\n<p style=\"text-align: center;\">Vice-President of Cameroonian Senate<\/p>\n<p>\n<\/div><\/div><\/div><div class=\"kc-elm kc-css-546535 kc_col-sm-3 kc_column kc_col-sm-3\"><div class=\"kc-col-container\"><div class=\"kc-elm kc-css-672107 kc_shortcode kc_single_image\">\n\n        <img decoding=\"async\" src=\"https:\/\/senat.cm\/wp-content\/uploads\/2023\/09\/SEN.-Vanigansen-MOCCHIGGLE-scaled-250x400xc.jpg\" class=\"\" alt=\"\" \/>    <\/div>\n<div class=\"kc-elm kc-css-807764 kc_text_block\"><\/p>\n<h5 style=\"text-align: center;\">Mochiggle Vanigangsen<\/h5>\n<p style=\"text-align: center;\">Vice-President of Cameroonian Senate<\/p>\n<p>\n<\/div><\/div><\/div><\/div><\/div><\/section><section class=\"kc-elm kc-css-156331 kc_row\"><div class=\"kc-row-container  kc-container\"><div class=\"kc-wrap-columns\"><div class=\"kc-elm kc-css-229740 kc_column kc_col-sm-12\"><div class=\"kc-col-container\"><div class=\"kc-elm kc-css-87588 kc_row kc_row_inner\"><div class=\"kc-elm kc-css-971916 kc_col-sm-12 kc_column_inner kc_col-sm-12\"><div class=\"kc_wrapper kc-col-inner-container\"><div class=\"kc-elm kc-css-176851\" style=\"height: 50px; clear: both; width:100%;\"><\/div><\/div><\/div><\/div><\/div><\/div><\/div><\/div><\/section><section class=\"kc-elm kc-css-691803 kc_row\"><div class=\"kc-row-container  kc-container\"><div class=\"kc-wrap-columns\"><div class=\"kc-elm kc-css-320205 kc_col-sm-3 kc_column kc_col-sm-3\"><div class=\"kc-col-container\"><div class=\"kc-elm kc-css-487258 kc_shortcode kc_single_image\">\n\n        <img decoding=\"async\" src=\"https:\/\/senat.cm\/wp-content\/uploads\/2023\/09\/SEN.-ABDOULAYE-WOUYAK-MARAVA-scaled-250x400xc.jpg\" class=\"\" alt=\"\" \/>    <\/div>\n<div class=\"kc-elm kc-css-638683 kc_text_block\"><\/p>\n<h5 style=\"text-align: center;\">ABDOULAYE WOUYACK MARAVA<\/h5>\n<p style=\"text-align: center;\">Quaestor<\/p>\n<p>\n<\/div><\/div><\/div><div class=\"kc-elm kc-css-960410 kc_col-sm-3 kc_column kc_col-sm-3\"><div class=\"kc-col-container\"><div class=\"kc-elm kc-css-602584 kc_shortcode kc_single_image\">\n\n        <img decoding=\"async\" src=\"https:\/\/senat.cm\/wp-content\/uploads\/2023\/09\/Mme-BISSECK-Paulette-scaled-250x400xc.jpg\" class=\"\" alt=\"\" \/>    <\/div>\n<div class=\"kc-elm kc-css-31330 kc_text_block\"><\/p>\n<h5 style=\"text-align: center;\">BISSECK Paulette<\/h5>\n<p style=\"text-align: center;\">Quaestor<\/p>\n<p>\n<\/div><\/div><\/div><div class=\"kc-elm kc-css-180678 kc_col-sm-3 kc_column kc_col-sm-3\"><div class=\"kc-col-container\"><div class=\"kc-elm kc-css-873104 kc_shortcode kc_single_image\">\n\n        <img decoding=\"async\" src=\"https:\/\/senat.cm\/wp-content\/uploads\/2023\/09\/Sen.-OTTE-MOFA-Andrew-scaled-250x400xc.jpg\" class=\"\" alt=\"\" \/>    <\/div>\n<div class=\"kc-elm kc-css-677330 kc_text_block\"><\/p>\n<h5 style=\"text-align: center;\">OTTE Andrew MOFA<\/h5>\n<p style=\"text-align: center;\">Quaestor<\/p>\n<p>\n<\/div><\/div><\/div><div class=\"kc-elm kc-css-418036 kc_col-sm-3 kc_column kc_col-sm-3\"><div class=\"kc-col-container\"><\/div><\/div><\/div><\/div><\/section><section class=\"kc-elm kc-css-227444 kc_row\"><div class=\"kc-row-container  kc-container\"><div class=\"kc-wrap-columns\"><div class=\"kc-elm kc-css-273536 kc_column kc_col-sm-12\"><div class=\"kc-col-container\"><div class=\"kc-elm kc-css-8932\" style=\"height: 20px; clear: both; width:100%;\"><\/div><\/div><\/div><\/div><\/div><\/section><section class=\"kc-elm kc-css-887089 kc_row\"><div class=\"kc-row-container  kc-container\"><div class=\"kc-wrap-columns\"><div class=\"kc-elm kc-css-847745 kc_col-sm-3 kc_column kc_col-sm-3\"><div class=\"kc-col-container\"><div class=\"kc-elm kc-css-635230 kc_shortcode kc_single_image\">\n\n        <img decoding=\"async\" src=\"https:\/\/senat.cm\/wp-content\/uploads\/2023\/09\/Sen.-Fon-CHAFAH-Issac-MBUNKA-scaled-250x400xc.jpg\" class=\"\" alt=\"\" \/>    <\/div>\n<div class=\"kc-elm kc-css-203280 kc_text_block\"><\/p>\n<h5 style=\"text-align: center;\">Fon CHAFAH Issac<\/h5>\n<p style=\"text-align: center;\">Secretary<\/p>\n<p>\n<\/div><\/div><\/div><div class=\"kc-elm kc-css-876285 kc_col-sm-3 kc_column kc_col-sm-3\"><div class=\"kc-col-container\"><div class=\"kc-elm kc-css-671925 kc_shortcode kc_single_image\">\n\n        <img decoding=\"async\" src=\"https:\/\/senat.cm\/wp-content\/uploads\/2023\/09\/SEN.-NGAYAP-Pierre-Flambeau-scaled-250x400xc.jpg\" class=\"\" alt=\"\" \/>    <\/div>\n<div class=\"kc-elm kc-css-247795 kc_text_block\"><\/p>\n<h5 style=\"text-align: center;\">NGAYAP Pierre Flambeau<\/h5>\n<p style=\"text-align: center;\">Secretary<\/p>\n<p>\n<\/div><\/div><\/div><div class=\"kc-elm kc-css-741809 kc_col-sm-3 kc_column kc_col-sm-3\"><div class=\"kc-col-container\"><div class=\"kc-elm kc-css-878538 kc_shortcode kc_single_image\">\n\n        <img decoding=\"async\" src=\"https:\/\/senat.cm\/wp-content\/uploads\/2023\/09\/SEN.-NGOUCHINGHE-Sylvestre-scaled-250x400xc.jpg\" class=\"\" alt=\"\" \/>    <\/div>\n<div class=\"kc-elm kc-css-453487 kc_text_block\"><\/p>\n<h5 style=\"text-align: center;\">Ngouchinghe Sylvestre<\/h5>\n<p style=\"text-align: center;\">Secretary<\/p>\n<p>\n<\/div><\/div><\/div><div class=\"kc-elm kc-css-150996 kc_col-sm-3 kc_column kc_col-sm-3\"><div class=\"kc-col-container\"><div class=\"kc-elm kc-css-445678 kc_shortcode kc_single_image\">\n\n        <img decoding=\"async\" src=\"https:\/\/senat.cm\/wp-content\/uploads\/2023\/09\/Sen.-OBAM-ASSAM-Samuel-scaled-250x400xc.jpg\" class=\"\" alt=\"\" \/>    <\/div>\n<div class=\"kc-elm kc-css-436812 kc_text_block\"><\/p>\n<h5 style=\"text-align: center;\">OBAM ASSAM Samuel<\/h5>\n<p style=\"text-align: center;\">Secretary<\/p>\n<p>\n<\/div><\/div><\/div><\/div><\/div><\/section><section class=\"kc-elm kc-css-258572 kc_row\"><div class=\"kc-row-container  kc-container\"><div class=\"kc-wrap-columns\"><div class=\"kc-elm kc-css-753273 kc_col-sm-3 kc_column kc_col-sm-3\"><div class=\"kc-col-container\"><div class=\"kc-elm kc-css-225879 kc_shortcode kc_single_image\">\n\n        <img decoding=\"async\" src=\"https:\/\/senat.cm\/wp-content\/uploads\/2023\/09\/SEN.-ABBA-HAROUNA-scaled-250x400xc.jpg\" class=\"\" alt=\"\" \/>    <\/div>\n<div class=\"kc-elm kc-css-197145 kc_text_block\"><\/p>\n<h5 style=\"text-align: center;\">Abba Harouna<\/h5>\n<p style=\"text-align: center;\">Secretary<\/p>\n<p>\n<\/div><\/div><\/div><div class=\"kc-elm kc-css-132828 kc_col-sm-3 kc_column kc_col-sm-3\"><div class=\"kc-col-container\"><div class=\"kc-elm kc-css-647937 kc_shortcode kc_single_image\">\n\n        <img decoding=\"async\" src=\"https:\/\/senat.cm\/wp-content\/uploads\/2023\/09\/SEN.-HAYATOU-Aicha-Pierette-scaled-250x400xc.jpg\" class=\"\" alt=\"\" \/>    <\/div>\n<div class=\"kc-elm kc-css-79185 kc_text_block\"><\/p>\n<h5 style=\"text-align: center;\">HAYATOU A\u00cfCHA Pierrette<\/h5>\n<p style=\"text-align: center;\">Secretary<\/p>\n<p>\n<\/div><\/div><\/div><div class=\"kc-elm kc-css-824174 kc_col-sm-3 kc_column kc_col-sm-3\"><div class=\"kc-col-container\"><div class=\"kc-elm kc-css-396881 kc_shortcode kc_single_image\">\n\n        <img decoding=\"async\" src=\"https:\/\/senat.cm\/wp-content\/uploads\/2023\/09\/SEN.-BEGALA-MIKEL-Naomie-epse-AKONO-scaled-250x400xc.jpg\" class=\"\" alt=\"\" \/>    <\/div>\n<div class=\"kc-elm kc-css-944877 kc_text_block\"><\/p>\n<h5 style=\"text-align: center;\">Begala Mikel N. \u00e9pse Akono<\/h5>\n<p style=\"text-align: center;\">Secretary<\/p>\n<p>\n<\/div><\/div><\/div><div class=\"kc-elm kc-css-363310 kc_col-sm-3 kc_column kc_col-sm-3\"><div class=\"kc-col-container\"><div class=\"kc-elm kc-css-350892 kc_shortcode kc_single_image\">\n\n        <img decoding=\"async\" src=\"https:\/\/senat.cm\/wp-content\/uploads\/2023\/09\/SEN.-LEKE-BESONGOH-AKEMFOR-Philip-scaled-250x400xc.jpg\" class=\"\" alt=\"\" \/>    <\/div>\n<div class=\"kc-elm kc-css-497421 kc_text_block\"><\/p>\n<h5 style=\"text-align: center;\">LEKE BESONGOH AKEMFOR Philip<\/h5>\n<p style=\"text-align: center;\">Secretary<\/p>\n<p>\n<\/div><\/div><\/div><\/div><\/div><\/section><section class=\"kc-elm kc-css-171601 kc_row\"><div class=\"kc-row-container  kc-container\"><div class=\"kc-wrap-columns\"><div class=\"kc-elm kc-css-818794 kc_column kc_col-sm-12\"><div class=\"kc-col-container\"><div class=\"kc-elm kc-css-758543 kc_row kc_row_inner\"><div class=\"kc-elm kc-css-770230 kc_col-sm-12 kc_column_inner kc_col-sm-12\"><div class=\"kc_wrapper kc-col-inner-container\"><div class=\"kc-elm kc-css-865848\" style=\"height: 50px; clear: both; width:100%;\"><\/div><div class=\"kc-elm kc-css-223989 kc_text_block\"><\/p>\n<p><strong>The Senate Bureau<\/strong><\/p>\n<p>La premi\u00e8re Session Ordinaire de l\u2019ann\u00e9e l\u00e9gislative permet au S\u00e9nat de mettre sur pied un Bureau. Celui-ci a les pleins pouvoirs pour pr\u00e9sider les d\u00e9lib\u00e9rations du Bureau du S\u00e9nat, ainsi que pour organiser tous ses services. Il repr\u00e9sente le S\u00e9nat dans toutes les c\u00e9r\u00e9monies publiques.<\/p>\n<p>Les membres du Bureau du S\u00e9nat sont \u00e9lus pour un (01) an et sont r\u00e9\u00e9ligibles.<\/p>\n<p>Il est compos\u00e9 de\u00a0:<\/p>\n<p>The first Ordinary Session of the legislative year allows the Senate to establish a Bureau, with \u00a0\u00a0full powers to preside over its deliberations, organize all its services and its full representation in all public ceremonies.<\/p>\n<p>The Members of the Senate Bureau are elected for one (01) year and are eligible for re-election.<\/p>\n<p>It is composed of :<\/p>\n<ul>\n<li><strong>01 President: <\/strong>elected by single-member ballot by an absolute majority of valid votes cast. He chairs the Bureau and the Chairmen\u2019s Conference. He presides over the debates in plenary sessions and oversees the deliberations.<\/li>\n<li><strong>01 First Vice-President: <\/strong>Also elected by single-member ballot by an absolute majority of valid votes cast; he replaces the President of the Senate in the event of his absence or incapability.<\/li>\n<li><strong>04 Vice-presidents: <\/strong>Elected by list vote cast, they work in collaboration with the President of the Senate and the First Vice-President. They can deputize in the order of precedence established by the Bureau.<\/li>\n<li><strong>03 Quaestors: <\/strong>Responsible for controlling the administrative and financial services of the Senate.<\/li>\n<li><strong>08 Secretaries; <\/strong>They ensure that minutes are drawn up and read if requested. They record Senators who request the floor, control and count ballots during elections.<\/li>\n<\/ul>\n<p><strong>01 General Secretary<\/strong>: ex-officio Member of the Bureau. The administration of the Senate is placed under his responsibility. He is the delegated authorizing officer and as such, he prepares the draft budget of the Senate in consultation with the quaestors.<\/p>\n<p>\n<\/div><div class=\"kc-elm kc-css-834451\" style=\"height: 50px; clear: both; width:100%;\"><\/div><\/div><\/div><\/div><\/div><\/div><\/div><\/div><\/section><\/p>\n","protected":false},"excerpt":{"rendered":"","protected":false},"author":1,"featured_media":0,"parent":0,"menu_order":0,"comment_status":"closed","ping_status":"closed","template":"","meta":{"_monsterinsights_skip_tracking":false,"_monsterinsights_sitenote_active":false,"_monsterinsights_sitenote_note":"","_monsterinsights_sitenote_category":0,"footnotes":""},"folder":[],"class_list":["post-2265","page","type-page","status-publish","hentry"],"_links":{"self":[{"href":"https:\/\/senat.cm\/index.php?rest_route=\/wp\/v2\/pages\/2265","targetHints":{"allow":["GET"]}}],"collection":[{"href":"https:\/\/senat.cm\/index.php?rest_route=\/wp\/v2\/pages"}],"about":[{"href":"https:\/\/senat.cm\/index.php?rest_route=\/wp\/v2\/types\/page"}],"author":[{"embeddable":true,"href":"https:\/\/senat.cm\/index.php?rest_route=\/wp\/v2\/users\/1"}],"replies":[{"embeddable":true,"href":"https:\/\/senat.cm\/index.php?rest_route=%2Fwp%2Fv2%2Fcomments&post=2265"}],"version-history":[{"count":1,"href":"https:\/\/senat.cm\/index.php?rest_route=\/wp\/v2\/pages\/2265\/revisions"}],"predecessor-version":[{"id":2266,"href":"https:\/\/senat.cm\/index.php?rest_route=\/wp\/v2\/pages\/2265\/revisions\/2266"}],"wp:attachment":[{"href":"https:\/\/senat.cm\/index.php?rest_route=%2Fwp%2Fv2%2Fmedia&parent=2265"}],"wp:term":[{"taxonomy":"folder","embeddable":true,"href":"https:\/\/senat.cm\/index.php?rest_route=%2Fwp%2Fv2%2Ffolder&post=2265"}],"curies":[{"name":"wp","href":"https:\/\/api.w.org\/{rel}","templated":true}]}}