{"id":2581,"date":"2024-02-05T14:07:13","date_gmt":"2024-02-05T13:07:13","guid":{"rendered":"https:\/\/senat.cm\/?page_id=2581"},"modified":"2026-04-20T18:04:42","modified_gmt":"2026-04-20T17:04:42","slug":"le-president-du-senat","status":"publish","type":"page","link":"https:\/\/senat.cm\/?page_id=2581","title":{"rendered":"Le Pr\u00e9sident du S\u00e9nat"},"content":{"rendered":"<p><section class=\"kc-elm kc-css-27207 kc_row\"><div class=\"kc-row-container  kc-container\"><div class=\"kc-wrap-columns\"><div class=\"kc-elm kc-css-197401 kc_col-sm-8 kc_column kc_col-sm-8\"><div class=\"kc-col-container\"><div class=\"kc-elm kc-css-682676 kc_text_block\"><\/p>\n<h4><strong>MARCEL NIAT NJIFENJI\u00a0:\u00a0 L\u2019INGENIEUR QUI BATIT LE SENAT<\/strong><\/h4>\n<p>N\u00e9 \u00e0 Bangangt\u00e9 (Ouest-Cameroun) le 26 0ctobre 1934, d\u2019un p\u00e8re infirmier et d\u2019une m\u00e8re agricultrice, il s\u2019est trac\u00e9 une voie depuis les \u00e9tablissements primaires de sa ville natale et de la R\u00e9gion de l\u2019Ouest, jusqu\u2019au Lyc\u00e9e G\u00e9n\u00e9ral Leclerc de Yaound\u00e9.<\/p>\n<p>Laur\u00e9at du Concours g\u00e9n\u00e9ral de France, il y poursuit sa formation et obtient une licence en Sciences physiques et le dipl\u00f4me d\u2019Ing\u00e9nieur de l\u2019Ecole Sup\u00e9rieure d\u2019Electricit\u00e9 Sup\u2019Elec.<\/p>\n<p>La patrie chevill\u00e9e au corps, il revient au Cameroun et int\u00e8gre la fonction publique en 1960 comme Ing\u00e9nieur Ponts et Chauss\u00e9es et Sciences Techniques de l\u2019Etat.<\/p>\n<p><strong>Le technocrate et manager<\/strong><\/p>\n<p>De responsable de bureau d\u2019\u00e9tudes \u00e0 Vice-Premier Ministre, Marcel Niat Njifenji a gravi toutes les marches de l\u2019Administration camerounaise. Il met son g\u00e9nie au service de l\u2019Etat au sein de la soci\u00e9t\u00e9 ENELCAM (Energie du Cameroun) et est \u00e0 la cr\u00e9ation de la Soci\u00e9t\u00e9 Nationale d\u2019Electricit\u00e9 (SONEL) dont il assume, entre 1974 et 1984 puis entre 1989 et 2001, les fonctions de Directeur G\u00e9n\u00e9ral. Dans cette responsabilit\u00e9, il y a lieu de mettre \u00e0 son cr\u00e9dit, la gen\u00e8se et la r\u00e9alisation des infrastructures dans le secteur de l\u2019\u00e9l\u00e9ctricit\u00e9. A l\u2019instar notamment du Barrage Hydro\u00e9lectrique d\u2019Ed\u00e9a, et des projets de construction d\u2019ouvrages de transport d\u2019\u00e9lectricit\u00e9 ou du vaste chantier d\u2019\u00e9lectrification rurale.<\/p>\n<p><strong>Le Grand Commis de la R\u00e9publique<\/strong><\/p>\n<p>Septembre 1990, Marcel Niat Njifenji fait son entr\u00e9e dans le gouvernement\u00a0comme Ministre du Plan et de l\u2019am\u00e9nagement du Territoire. Il devient Vice-premier Ministre en charge des Mines, de l\u2019eau et de l\u2019Energie deux ans plus tard.<\/p>\n<p><strong>L\u2019Homme Politique<\/strong><\/p>\n<p>D\u00e9put\u00e9 RDPC en 1992 la circonscription du Nd\u00e9, il quitte son fauteuil au parlement pour faire son entr\u00e9e au Gouvernement la m\u00eame ann\u00e9e puis, pour se consacrer \u00e0 la Sonel d\u00e8s sa sortie du Gouvernement. 2002, marque son retour sur la sc\u00e8ne politique avec l\u2019\u00e9lection \u00e0 la mairie de Bangangt\u00e9, suite au succ\u00e8s remport\u00e9 par le RDPC aux \u00e9lections municipales de cette ann\u00e9e. Il occupera cette fonction jusqu\u2019en 2007. Membre titulaire du Comit\u00e9 Central du RDPC, il a \u00e9t\u00e9 pendant des ann\u00e9es le Chef de la D\u00e9l\u00e9gation du Comit\u00e9 Central pour l\u2019e province de l\u2019Ouest. Le 12 Juin 2013, Marcel NIAT NJIFENJI devient le tout premier Pr\u00e9sident du S\u00e9nat du Cameroun, il est r\u00e9\u00e9lu par ses pairs en 2018 puis en 2023.<\/p>\n<p><strong>Le m\u00e9c\u00e8ne de la culture et le promoteur d\u2019\u0153uvres caritatives<\/strong><\/p>\n<p>Une dimension tr\u00e8s peu conue de l\u2019Homme et qui m\u00e9rite pourtant d\u2019etre rendue publique. En effet, M Marcel NIAT JIFENJI est un grand m\u00e9c\u00e8ne de la culture. A ce titre, il a \u00e0 so actif une association d\u00e9nomm\u00e9e \u00ab\u00a0 MEDUMBA\u00a0\u00bb qui \u0153uvre dans l\u2019enseignement, l\u2019\u00e9criture et la vulgarisation de la langue \u00e9ponyme. Outre le festival Medumba, r\u00e9guli\u00e8rement organis\u00e9 tous les deux ans avant le Covid 19, cette association a notamment contribu\u00e9 \u00e0 la traduction de la bible en langue Medumba, en plus de pr\u00e9senter chaque ann\u00e9e des candidats et encadreurs au diff\u00e9rents concours organis\u00e9s pour la promotion des langues nationales.<\/p>\n<p>Le pr\u00e9sident du S\u00e9nat ne se limite pas seulement \u00e0 la culture. Il encourage et soutient \u00e9galement les \u0153uvres caritatives par le biais de la fondation \u00ab\u00a0NIAT\u00a0\u00bb, cr\u00e9\u00e9 en hommage \u00e0 son d\u00e9funt p\u00e8re qui a consacr\u00e9 sa vie \u00e0 soigner ses semblables. Cette fondation finance la costruction de salles de classes et forages\u00a0; travaille \u00e0 la r\u00e9habilitation des formations sanitaires publiques et priv\u00e9es, octroie des bourses scolaires aux \u00e9l\u00e8ves et apprenats m\u00e9ritants.<\/p>\n<h2>Le R\u00f4le du Pr\u00e9sident du S\u00e9nat<\/h2>\n<p>Le Pr\u00e9sident du S\u00e9nat est la deuxi\u00e8me personnalit\u00e9 de la R\u00e9publique. Il exerce provisoirement les fonctions de Pr\u00e9sident de la R\u00e9publique, si celui-ci est emp\u00each\u00e9, s&#8217;il d\u00e9missionne ou vient \u00e0 mourir, sans toutefois pouvoir dissoudre l&#8217;Assembl\u00e9e Nationale ni organiser de r\u00e9f\u00e9rendum, le temps de proc\u00e9der \u00e0 l&#8217;\u00e9lection d&#8217;un nouveau pr\u00e9sident de la R\u00e9publique.<br \/>Il est \u00e9lu par l&#8217;ensemble des s\u00e9nateurs et joue un r\u00f4le fondamental dans la vie de l&#8217;Institution. Il pr\u00e9side les r\u00e9unions du Bureau et la Conf\u00e9rence des Pr\u00e9sidents, et \u00e0 ce titre, il a la Haute Direction des d\u00e9bats en s\u00e9ance pl\u00e9ni\u00e8re, assure la police des d\u00e9lib\u00e9rations, veille \u00e0 la s\u00e9curit\u00e9 et au bon fonctionnement du S\u00e9nat.<br \/>Il est consult\u00e9 par le Pr\u00e9sident de la R\u00e9publique, qui peut en cas de n\u00e9cessit\u00e9 prononcer la dissolution de l&#8217;Assembl\u00e9e Nationale.<\/p>\n<p>\n<\/div><\/div><\/div><div class=\"kc-elm kc-css-259871 kc_col-sm-4 kc_column kc_col-sm-4\"><div class=\"kc-col-container\"><div class=\"kc-elm kc-css-667033 kc_shortcode kc_single_image\">\n\n        <img decoding=\"async\" src=\"https:\/\/senat.cm\/wp-content\/uploads\/2023\/09\/SEN.-NIAT-NJIFENJI-Marcel-scaled.jpg\" class=\"\" alt=\"\" \/>    <\/div>\n<\/div><\/div><\/div><\/div><\/section><section class=\"kc-elm kc-css-284348 kc_row\"><div class=\"kc-row-container  kc-container\"><div class=\"kc-wrap-columns\"><div class=\"kc-elm kc-css-108600 kc_col-sm-8 kc_column kc_col-sm-8\"><div class=\"kc-col-container\"><div class=\"kc-elm kc-css-152145 kc_text_block\"><\/p>\n<h2 class=\"sptp-member-name-title\">Sa Majest\u00e9 ABOUBAKARY ABDOULAYE<\/h2>\n<p style=\"font-weight: 400;\"><strong>Noblesse et autorit\u00e9\u00a0: le nouveau visage du S\u00e9nat<\/strong><\/p>\n<p style=\"font-weight: 400;\">ABOUBAKARY ABDOULAYE est le nouveau Pr\u00e9sident du S\u00e9nat du Cameroun depuis le 17 Mars 2026. Haut commis de l\u2019\u00c9tat et figure embl\u00e9matique de la chefferie traditionnelle, il pr\u00e9side aux destin\u00e9es de la Chambre Haute du Parlement. Son parcours est celui d&#8217;une alliance harmonieuse entre la rigueur de l&#8217;administration publique et la sagesse ancestrale. \u00c9lu \u00e0 la t\u00eate de la Chambre Haute du Parlement, conform\u00e9ment aux disposition du r\u00e8glement int\u00e9rieur de l\u2019institution, il assure la conduite des travaux\u00a0 et\u00a0 le bon fonctionnement du S\u00e9nat. Son \u00e9lection\u00a0 consacre un parcours institutionnel solide, marqu\u00e9 par l\u2019exercice des fonctions de Premier Vice-Pr\u00e9sident durant deux l\u00e9gislatures successives, de 2013 \u00e0 2018, puis de 2018 \u00e0 2023 et de 2023 au 17 mars 2026.\u00a0<\/p>\n<p style=\"font-weight: 400;\"><strong>Une l\u00e9gitimit\u00e9 solidement \u00e9tablie<\/strong><\/p>\n<p style=\"font-weight: 400;\">Administrateur civil de formation et dipl\u00f4m\u00e9 de l\u2019ENAM, il s\u2019est distingu\u00e9 par un parcours riche et diversifi\u00e9 au sein de l\u2019administration publique camerounaise. Nomm\u00e9 Secr\u00e9taire d\u2019\u00c9tat \u00e0 l\u2019Agriculture \u00e0 seulement 36 ans, il a rapidement acc\u00e9d\u00e9 aux hautes responsabilit\u00e9s de l\u2019\u00c9tat. Son exp\u00e9rience s\u2019est construite \u00e0 travers plusieurs fonctions strat\u00e9giques\u202f: cadre au minist\u00e8re en charge de l\u2019informatique et des march\u00e9s publics, adjoint au chef du service administratif et financier du FEICOM, chef du service du fichier et des archives \u00e0 la Direction du Courrier pr\u00e9sidentiel (1987-1991), charg\u00e9 d\u2019\u00e9tudes \u00e0 la Direction des Affaires l\u00e9gislatives et r\u00e9glementaires aupr\u00e8s du Premier Ministre (1991-1994), puis attach\u00e9 au Cabinet civil de la Pr\u00e9sidence de la R\u00e9publique.<\/p>\n<p style=\"font-weight: 400;\">Parall\u00e8lement, il a exerc\u00e9 des responsabilit\u00e9s de gouvernance en qualit\u00e9 de Pr\u00e9sident du Conseil d\u2019administration, notamment \u00e0 la MAETUR, au Comit\u00e9 de gestion des interventions FAO\/PAM, ainsi qu\u2019\u00e0 l\u2019Institut international de l\u2019ing\u00e9nierie de l\u2019eau et de l\u2019environnement (2iE) de Ouagadougou. Ces fonctions, tant nationales qu\u2019internationales, t\u00e9moignent d\u2019une expertise reconnue et d\u2019un engagement constant pour le d\u00e9veloppement et la modernisation des institutions. Aujourd\u2019hui, \u00e0 la t\u00eate du S\u00e9nat du Cameroun, il met cette riche exp\u00e9rience au service de la Chambre Haute, consolidant son r\u00f4le dans l\u2019architecture institutionnelle et dans le renforcement de la d\u00e9mocratie parlementaire.<\/p>\n<p style=\"font-weight: 400;\"><strong>\u00a0<\/strong><\/p>\n<p style=\"font-weight: 400;\"><strong>Ancrage Traditionnel : Le Lamido de Rey-Bouba<\/strong><\/p>\n<p style=\"font-weight: 400;\">Au-del\u00e0 de ses fonctions au S\u00e9nat, il est le garant d\u2019un h\u00e9ritage s\u00e9culaire. Fils de feu Sa Majest\u00e9 Abdoulaye Ahmadou, il acc\u00e8de en 2006 au tr\u00f4ne en tant que Lamido de Rey-Bouba. Ce r\u00f4le de proximit\u00e9 lui conf\u00e8re une \u00e9coute particuli\u00e8re des aspirations des populations et une capacit\u00e9 de m\u00e9diation qui enrichit sa vision politique. Autorit\u00e9 coutumi\u00e8re respect\u00e9e, il incarne un leadership fond\u00e9 sur la sagesse, la tradition et la proximit\u00e9 avec les populations, consolidant ainsi son r\u00f4le de guide et de r\u00e9f\u00e9rence au sein de sa communaut\u00e9.<\/p>\n<p style=\"font-weight: 400;\"><strong>Artificier politique du Nord<\/strong><\/p>\n<p style=\"font-weight: 400;\">Militant de la premi\u00e8re heure et membre influent du Bureau Politique du Rassemblement D\u00e9mocratique du Peuple Camerounais (RDPC), il est un pilier du parti dans la partie septentrionale du pays. Chef de la D\u00e9l\u00e9gation Permanente R\u00e9gionale du Comit\u00e9 Central pour le Nord, il a d\u00e9montr\u00e9 une pugnacit\u00e9 politique remarquable, transformant les d\u00e9fis \u00e9lectoraux en succ\u00e8s probants pour sa formation politique.<\/p>\n<p>\n<\/div><\/div><\/div><div class=\"kc-elm kc-css-189646 kc_col-sm-4 kc_column kc_col-sm-4\"><div class=\"kc-col-container\"><div class=\"kc-elm kc-css-945369 kc_shortcode kc_single_image\">\n\n        <img decoding=\"async\" src=\"https:\/\/senat.cm\/wp-content\/uploads\/2026\/03\/President-Senat.png\" class=\"\" alt=\"\" \/>    <\/div>\n<\/div><\/div><\/div><\/div><\/section><\/p>\n","protected":false},"excerpt":{"rendered":"","protected":false},"author":1,"featured_media":0,"parent":0,"menu_order":0,"comment_status":"closed","ping_status":"closed","template":"","meta":{"_monsterinsights_skip_tracking":false,"_monsterinsights_sitenote_active":false,"_monsterinsights_sitenote_note":"","_monsterinsights_sitenote_category":0,"footnotes":""},"folder":[],"class_list":["post-2581","page","type-page","status-publish","hentry"],"_links":{"self":[{"href":"https:\/\/senat.cm\/index.php?rest_route=\/wp\/v2\/pages\/2581","targetHints":{"allow":["GET"]}}],"collection":[{"href":"https:\/\/senat.cm\/index.php?rest_route=\/wp\/v2\/pages"}],"about":[{"href":"https:\/\/senat.cm\/index.php?rest_route=\/wp\/v2\/types\/page"}],"author":[{"embeddable":true,"href":"https:\/\/senat.cm\/index.php?rest_route=\/wp\/v2\/users\/1"}],"replies":[{"embeddable":true,"href":"https:\/\/senat.cm\/index.php?rest_route=%2Fwp%2Fv2%2Fcomments&post=2581"}],"version-history":[{"count":7,"href":"https:\/\/senat.cm\/index.php?rest_route=\/wp\/v2\/pages\/2581\/revisions"}],"predecessor-version":[{"id":4713,"href":"https:\/\/senat.cm\/index.php?rest_route=\/wp\/v2\/pages\/2581\/revisions\/4713"}],"wp:attachment":[{"href":"https:\/\/senat.cm\/index.php?rest_route=%2Fwp%2Fv2%2Fmedia&parent=2581"}],"wp:term":[{"taxonomy":"folder","embeddable":true,"href":"https:\/\/senat.cm\/index.php?rest_route=%2Fwp%2Fv2%2Ffolder&post=2581"}],"curies":[{"name":"wp","href":"https:\/\/api.w.org\/{rel}","templated":true}]}}