{"id":3245,"date":"2026-03-14T13:56:57","date_gmt":"2026-03-14T12:56:57","guid":{"rendered":"https:\/\/senat.cm\/?page_id=3245"},"modified":"2026-03-22T21:23:54","modified_gmt":"2026-03-22T20:23:54","slug":"le-parlement-camerounais","status":"publish","type":"page","link":"https:\/\/senat.cm\/?page_id=3245","title":{"rendered":"Le Parlement Camerounais"},"content":{"rendered":"<p><section class=\"kc-elm kc-css-394876 kc_row\"><div class=\"kc-row-container  kc-container\"><div class=\"kc-wrap-columns\"><div class=\"kc-elm kc-css-840715 kc_col-sm-12 kc_column kc_col-sm-12\"><div class=\"kc-col-container\"><div class=\"kc-elm kc-css-629686\" style=\"height: 40px; clear: both; width:100%;\"><\/div><\/div><\/div><\/div><\/div><\/section><section class=\"kc-elm kc-css-430124 kc_row\"><div class=\"kc-row-container  kc-container\"><div class=\"kc-wrap-columns\"><div class=\"kc-elm kc-css-231217 kc_col-sm-12 kc_column kc_col-sm-12\"><div class=\"kc-col-container\"><div class=\"kc-elm kc-css-409\" style=\"height: 20px; clear: both; width:100%;\"><\/div><\/div><\/div><\/div><\/div><\/section><section class=\"kc-elm kc-css-533423 kc_row\"><div class=\"kc-row-container  kc-container\"><div class=\"kc-wrap-columns\"><div class=\"kc-elm kc-css-430842 kc_col-sm-5 kc_column kc_col-sm-5\"><div class=\"kc-col-container\"><div class=\"kc-elm kc-css-884789\" style=\"height: 30px; clear: both; width:100%;\"><\/div><div class=\"kc-elm kc-css-546836 kc_row kc_row_inner\"><div class=\"kc-elm kc-css-546893 kc_col-sm-12 kc_column_inner kc_col-sm-12\"><div class=\"kc_wrapper kc-col-inner-container\">\n<div class=\"kc-elm kc-css-8364 kc-title-wrap \">\n\n\t<h3 class=\"kc_title\">Le S\u00e9nat du Cameroun<\/h3>\n<\/div>\n<\/div><\/div><\/div><div class=\"kc-elm kc-css-934803\" style=\"height: 20px; clear: both; width:100%;\"><\/div><div class=\"kc-elm kc-css-764097 kc_text_block\"><\/p>\n<p style=\"font-weight: 400;\">La loi N\u00b096\/06 du 18 janvier 1996 modifi\u00e9e par la loi N\u00b02008\/001 du 14 Avril 2008 portant constitution de la R\u00e9publique du Cameroun, stipule en son article 14 que le pouvoir l\u00e9gislatif est exerc\u00e9 par le Parlement qui comprend deux chambres\u00a0: l\u2019Assembl\u00e9e Nationale (Chambre basse) et le S\u00e9nat (Chambre Haute).<\/p>\n<p style=\"font-weight: 400;\">Le 12 novembre 2008, le Pr\u00e9sident de la R\u00e9publique signe le d\u00e9cret N\u00b02008\/376 portant organisation administrative de la R\u00e9publique du Cameroun, transformant les provinces en R\u00e9gions ce qui va favoriser la mise en place des Conseils R\u00e9gionaux et par la m\u00eame, la deuxi\u00e8me cat\u00e9gorie des Collectivit\u00e9s Territoriales D\u00e9centralis\u00e9es.<\/p>\n<p style=\"font-weight: 400;\">Le S\u00e9nat dans sa fonction institutionnelle, repr\u00e9sente ainsi les Collectivit\u00e9s Territoriales D\u00e9centralis\u00e9es (R\u00e9gions).<\/p>\n<p style=\"font-weight: 400;\">Le Cameroun fait ses premiers pas dans le Bicam\u00e9ralisme le 14 avril 2013 par l\u2019organisation des \u00e9lections de 70 S\u00e9nateurs et la nomination de 30 autres par le Pr\u00e9sident de la R\u00e9publique.<\/p>\n<p style=\"font-weight: 400;\">Le S\u00e9nat a pour Chef de Chambre <strong>SM ABOUBAKARY ABDOULAYE.<\/strong><\/p>\n<p style=\"font-weight: 400;\"><strong><u>R\u00f4le du S\u00e9nat<\/u><\/strong><\/p>\n<p style=\"font-weight: 400;\">Au parlement, le S\u00e9nat se distingue par une pr\u00e9rogative exclusive\u00a0: il repr\u00e9sente les Collectivit\u00e9s Territoriales D\u00e9centralis\u00e9es (R\u00e9gions et communes).<\/p>\n<p style=\"font-weight: 400;\">Le S\u00e9nat comme chambre du parlement l\u00e9gif\u00e8re\u00a0; les s\u00e9nateurs lors des sessions ordinaires et\/ou extraordinaires, participent \u00e0 la cr\u00e9ation et au vote de lois. Ils peuvent adopter, amender ou rejeter les textes (projets de lois) soumis \u00e0 son examen.<\/p>\n<p style=\"font-weight: 400;\">En outre, le S\u00e9nat contr\u00f4le l\u2019action gouvernementale et \u00e9value les politiques publiques.<\/p>\n<p style=\"font-weight: 400;\"><strong><u>Composition et mode d\u2019\u00e9lection<\/u><\/strong><\/p>\n<p style=\"font-weight: 400;\">Le S\u00e9nat est compos\u00e9 de (100) S\u00e9nateurs. Chacune des dix (10) r\u00e9gions du Cameroun y est repr\u00e9sent\u00e9e par dix (10) S\u00e9nateurs dont\u00a0:<\/p>\n<ul>\n<li>Sept \u00e9lus au suffrage universel indirect sur la base r\u00e9gionale et<\/li>\n<li>Trois (03) nomm\u00e9s par le Pr\u00e9sident de la R\u00e9publique.<\/li>\n<\/ul>\n<p><span style=\"font-weight: 400;\">Les membres du S\u00e9nat portent le titre de \u00ab\u00a0S\u00e9nateur\u00a0\u00bb, et leur mandat est de cinq (05) ans. <\/span><\/p>\n<p>\n<\/div><\/div><\/div><div class=\"kc-elm kc-css-681557 kc_col-sm-1 kc_column kc_col-sm-1\"><div class=\"kc-col-container\"><\/div><\/div><div class=\"kc-elm kc-css-772939 kc_col-sm-5 kc_column kc_col-sm-5\"><div class=\"kc-col-container\"><div class=\"kc-elm kc-css-422307\" style=\"height: 30px; clear: both; width:100%;\"><\/div><div class=\"kc-elm kc-css-649919 kc_row kc_row_inner\"><div class=\"kc-elm kc-css-474931 kc_col-sm-12 kc_column_inner kc_col-sm-12\"><div class=\"kc_wrapper kc-col-inner-container\">\n<div class=\"kc-elm kc-css-953755 kc-title-wrap \">\n\n\t<h3 class=\"kc_title\">L'Assembl\u00e9e Nationale du Cameroun<\/h3>\n<\/div>\n<\/div><\/div><\/div><div class=\"kc-elm kc-css-281322\" style=\"height: 20px; clear: both; width:100%;\"><\/div><div class=\"kc-elm kc-css-171528 kc_text_block\"><\/p>\n<p style=\"font-weight: 400;\"><strong>HISTORIQUE<\/strong><\/p>\n<p style=\"font-weight: 400;\">L\u2019Assembl\u00e9e Nationale est la premi\u00e8re institution du Cameroun de l\u2019\u00e8re moderne. Elle est en effet descendante de l\u2019Assembl\u00e9e Repr\u00e9sentative du Cameroun (ARCAM) qui a vu le jour le 22 D\u00e9cembre 1946 et \u00e9tait compos\u00e9 de 40 membres dont 24 camerounais et 16 fran\u00e7ais et qui se mua successivement en Assembl\u00e9e Territoriale du Cameroun (ATCAM) le 30 Mars 1952puis en Assembl\u00e9e L\u00e9gislative du Cameroun (ALCAM) le 10 Mai 1957, et le 10 Avril 1960, en Assembl\u00e9e Nationale.<\/p>\n<p style=\"font-weight: 400;\">Parall\u00e8lement, au Cameroun sous administration britannique,\u00a0 plusieurs camerounais si\u00e9geaient dans les organes l\u00e9gislatifs du Nig\u00e9ria notamment \u00e0 la chambre de repr\u00e9sentants et dans l\u2019Assembl\u00e9e R\u00e9gionale.<\/p>\n<p style=\"font-weight: 400;\">Ces diff\u00e9rentes Chambres furent remplac\u00e9es, en 1962 \u00a0par une Assembl\u00e9e F\u00e9d\u00e9rale qui, \u00e0 la suite de l\u2019av\u00e8nement de l\u2019Etat Unitaire et conform\u00e9ment \u00e0 l\u2019article 12 de la Constitution du\u00a0 2 Juin 1972, laissa la place \u00e0 la seconde Assembl\u00e9e Nationale et ce aux termes des \u00e9lections l\u00e9gislative du 18 Mai 1973. Avec l\u2019adoption de la loi constitutionnelle N\u00b096\/06 du 18 Janvier 1996, le Parlement camerounais devint bicam\u00e9ral.<\/p>\n<p style=\"font-weight: 400;\"><strong>COMPOSITION<\/strong><\/p>\n<p style=\"font-weight: 400;\">L\u2019Assembl\u00e9e Nationale est compos\u00e9e de 180 Membres (D\u00e9put\u00e9s) \u00e9lus au suffrage universel direct et secret pour un mandat de 5 (cinq) ans. Organe directeur de l\u2019auguste institution,\u00a0 le \u00a0bureau est compos\u00e9 de 22 Membres dont 01 Pr\u00e9sident, 01 1<sup>er<\/sup> Vice-Pr\u00e9sident, 05 Vice-Pr\u00e9sidents, 04 Questeurs et 12 Secr\u00e9taires. La Chambre Basse du Parlement camerounais compte 09 Commissions G\u00e9n\u00e9rales.<\/p>\n<p style=\"font-weight: 400;\"><strong>MISSIONS<\/strong><\/p>\n<p style=\"font-weight: 400;\">Les D\u00e9put\u00e9s repr\u00e9sentent la Nation tout enti\u00e8re. Ils ont pour mission de voter les lois et le contr\u00f4le de l\u2019action gouvernementale.<\/p>\n<p>\n<\/div><\/div><\/div><\/div><\/div><\/section><\/p>\n","protected":false},"excerpt":{"rendered":"","protected":false},"author":1,"featured_media":0,"parent":0,"menu_order":0,"comment_status":"closed","ping_status":"closed","template":"","meta":{"_monsterinsights_skip_tracking":false,"_monsterinsights_sitenote_active":false,"_monsterinsights_sitenote_note":"","_monsterinsights_sitenote_category":0,"footnotes":""},"folder":[],"class_list":["post-3245","page","type-page","status-publish","hentry"],"_links":{"self":[{"href":"https:\/\/senat.cm\/index.php?rest_route=\/wp\/v2\/pages\/3245","targetHints":{"allow":["GET"]}}],"collection":[{"href":"https:\/\/senat.cm\/index.php?rest_route=\/wp\/v2\/pages"}],"about":[{"href":"https:\/\/senat.cm\/index.php?rest_route=\/wp\/v2\/types\/page"}],"author":[{"embeddable":true,"href":"https:\/\/senat.cm\/index.php?rest_route=\/wp\/v2\/users\/1"}],"replies":[{"embeddable":true,"href":"https:\/\/senat.cm\/index.php?rest_route=%2Fwp%2Fv2%2Fcomments&post=3245"}],"version-history":[{"count":12,"href":"https:\/\/senat.cm\/index.php?rest_route=\/wp\/v2\/pages\/3245\/revisions"}],"predecessor-version":[{"id":3289,"href":"https:\/\/senat.cm\/index.php?rest_route=\/wp\/v2\/pages\/3245\/revisions\/3289"}],"wp:attachment":[{"href":"https:\/\/senat.cm\/index.php?rest_route=%2Fwp%2Fv2%2Fmedia&parent=3245"}],"wp:term":[{"taxonomy":"folder","embeddable":true,"href":"https:\/\/senat.cm\/index.php?rest_route=%2Fwp%2Fv2%2Ffolder&post=3245"}],"curies":[{"name":"wp","href":"https:\/\/api.w.org\/{rel}","templated":true}]}}