{"id":3247,"date":"2026-03-14T13:57:52","date_gmt":"2026-03-14T12:57:52","guid":{"rendered":"https:\/\/senat.cm\/?page_id=3247"},"modified":"2026-03-22T21:12:58","modified_gmt":"2026-03-22T20:12:58","slug":"le-cameroun-en-bref","status":"publish","type":"page","link":"https:\/\/senat.cm\/?page_id=3247","title":{"rendered":"Le Cameroun en bref"},"content":{"rendered":"<section class=\"kc-elm kc-css-481067 kc_row\"><div class=\"kc-row-container  kc-container\"><div class=\"kc-wrap-columns\"><div class=\"kc-elm kc-css-341315 kc_column kc_col-sm-12\"><div class=\"kc-col-container\"><div class=\"kc-elm kc-css-91409\" style=\"height: 50px; clear: both; width:100%;\"><\/div>\n\n<div class=\"image_fadein_slider kc-elm kc-css-43339 \">\n\t\t<div data-delay=\"3000\" class=\"image_fadein\" data-images=\"3305,3306,3307,3308,3309,3310,3311,3312,3313,3314,3315\">\n\t<img decoding=\"async\" src=\"https:\/\/senat.cm\/wp-content\/uploads\/2026\/03\/01.jpg\" \/><img decoding=\"async\" src=\"https:\/\/senat.cm\/wp-content\/uploads\/2026\/03\/02.jpg\" \/><img decoding=\"async\" src=\"https:\/\/senat.cm\/wp-content\/uploads\/2026\/03\/03.jpg\" \/><img decoding=\"async\" src=\"https:\/\/senat.cm\/wp-content\/uploads\/2026\/03\/04.jpg\" \/><img decoding=\"async\" src=\"https:\/\/senat.cm\/wp-content\/uploads\/2026\/03\/05.jpg\" \/><img decoding=\"async\" src=\"https:\/\/senat.cm\/wp-content\/uploads\/2026\/03\/06.jpg\" \/><img decoding=\"async\" src=\"https:\/\/senat.cm\/wp-content\/uploads\/2026\/03\/07.jpg\" \/><img decoding=\"async\" src=\"https:\/\/senat.cm\/wp-content\/uploads\/2026\/03\/08.jpg\" \/><img decoding=\"async\" src=\"https:\/\/senat.cm\/wp-content\/uploads\/2026\/03\/09.jpg\" \/><img decoding=\"async\" src=\"https:\/\/senat.cm\/wp-content\/uploads\/2026\/03\/10.jpg\" \/><img decoding=\"async\" src=\"https:\/\/senat.cm\/wp-content\/uploads\/2026\/03\/111.jpg\" \/>\t<\/div>\n<\/div>\n<div class=\"kc-elm kc-css-5120\" style=\"height: 50px; clear: both; width:100%;\"><\/div><div class=\"kc-elm kc-css-577676 kc_text_block\"><\/p>\n<p style=\"font-weight: 400;\">Le Cameroun est un pays d\u2019Afrique Centrale surnomm\u00e9 \u00ab\u00a0l\u2019Afrique en miniature\u00a0\u00bb de par la diversit\u00e9 de sa faune et de sa flore. D\u2019une superficie de 475\u00a0442 km2, il est situ\u00e9 entre le Nig\u00e9ria, le Tchad, la R\u00e9publique Centrafricaine, le Gabon, la Guin\u00e9e Equatoriale, la R\u00e9publique du Congo. Le pays est divis\u00e9 en 10 r\u00e9gions (Extr\u00eame-Nord, Nord, Adamaoua, Centre, Est, Nord-Ouest, Sud-Ouest, Littoral, Ouest, Sud). Sa population bilingue a comme langues officielles, le fran\u00e7ais et l\u2019anglais. Depuis 1972, le pays c\u00e9l\u00e8bre chaque 20 mai la F\u00eate Nationale de l\u2019Unit\u00e9.<\/p>\n<p style=\"font-weight: 400;\">Avec pour capitale Yaound\u00e9, le Cameroun compte quatre aires culturelles\u00a0: Fang Beti, Soudano-Sah\u00e9lienne, Sawa et Grassfields. La population camerounaise est riche d\u2019une mosa\u00efque d\u2019ethnies (pr\u00e8s de 250). Elle est compos\u00e9e \u00e0 56% des jeunes de moins de 20 ans et 58,4 % de sa population vit en zone urbaine notamment dans les villes de Yaound\u00e9 et de Douala (Capitale \u00e9conomique).<\/p>\n<p style=\"font-weight: 400;\">Premi\u00e8re puissance \u00e9conomique de la Communaut\u00e9 Economique des Etats de l\u2018Afrique Centrale (CEMAC), le Cameroun est dot\u00e9 d\u2019un sous-sol riche en fer, cobalt, mangan\u00e8se, gaz et jouit d\u2019une activit\u00e9 mini\u00e8re internationale en pleine expansion. Le p\u00e9trole, repr\u00e9sente plus de la moiti\u00e9 des exportations. L\u2019\u00e9conomie camerounaise est principalement agricole avec en pole position la culture du Caf\u00e9, du Cacao, coton, tabac ou banane. En outre, le pays a engag\u00e9 depuis quelques ann\u00e9es de grands projets structurants afin de booster l\u2019activit\u00e9 dans plusieurs r\u00e9gions\u00a0: Barrage hydro\u00e9lectrique, ports en eaux profondes, routes, ponts, h\u00f4pitaux de r\u00e9f\u00e9rence etc&#8230;<\/p>\n<p style=\"font-weight: 400;\">Au plan touristique, le Cameroun offre un d\u00e9cor de carte postale ou for\u00eats denses, savanes, chaines montagneuses et plages forment une singuli\u00e8re harmonie. Au nombre des attractions de choix l\u2019on compte le parc de Waza, les Chutes de la Lob\u00e9, la r\u00e9serve du Dja, le monument de la R\u00e9unification, les gorges de Kola, le Mont Cameroun ou le Palais du Sultan Roi des Bamouns \u00e0 Foumban etc\u2026<\/p>\n<p style=\"font-weight: 400;\">Le Cameroun, terre de culture, terre de sport est sacr\u00e9 cinq fois champion d\u2019Afrique de football. Cette terre d\u2019ic\u00f4nes est le berceau de plusieurs c\u00e9l\u00e9brit\u00e9s \u00e0 l\u2019instar de Manu Dibango, Francis Bebey, Anne Marie Ndzie, Charlotte Dipanda dans la musique\u00a0; Roger Milla, Samuel Eto\u2019o Fils, Francis Ngannou dans le sport, Imane Ayissi dans la mode.<\/p>\n<p>\n<\/div><div class=\"kc-carousel_images align-center\" style=\"border:1px dashed #ccc;\"><br \/><h3>Carousel Images: No images upload<\/h3><\/div><\/div><\/div><\/div><\/div><\/section>\n","protected":false},"excerpt":{"rendered":"","protected":false},"author":1,"featured_media":0,"parent":0,"menu_order":0,"comment_status":"closed","ping_status":"closed","template":"","meta":{"_monsterinsights_skip_tracking":false,"_monsterinsights_sitenote_active":false,"_monsterinsights_sitenote_note":"","_monsterinsights_sitenote_category":0,"footnotes":""},"folder":[],"class_list":["post-3247","page","type-page","status-publish","hentry"],"_links":{"self":[{"href":"https:\/\/senat.cm\/index.php?rest_route=\/wp\/v2\/pages\/3247","targetHints":{"allow":["GET"]}}],"collection":[{"href":"https:\/\/senat.cm\/index.php?rest_route=\/wp\/v2\/pages"}],"about":[{"href":"https:\/\/senat.cm\/index.php?rest_route=\/wp\/v2\/types\/page"}],"author":[{"embeddable":true,"href":"https:\/\/senat.cm\/index.php?rest_route=\/wp\/v2\/users\/1"}],"replies":[{"embeddable":true,"href":"https:\/\/senat.cm\/index.php?rest_route=%2Fwp%2Fv2%2Fcomments&post=3247"}],"version-history":[{"count":8,"href":"https:\/\/senat.cm\/index.php?rest_route=\/wp\/v2\/pages\/3247\/revisions"}],"predecessor-version":[{"id":3404,"href":"https:\/\/senat.cm\/index.php?rest_route=\/wp\/v2\/pages\/3247\/revisions\/3404"}],"wp:attachment":[{"href":"https:\/\/senat.cm\/index.php?rest_route=%2Fwp%2Fv2%2Fmedia&parent=3247"}],"wp:term":[{"taxonomy":"folder","embeddable":true,"href":"https:\/\/senat.cm\/index.php?rest_route=%2Fwp%2Fv2%2Ffolder&post=3247"}],"curies":[{"name":"wp","href":"https:\/\/api.w.org\/{rel}","templated":true}]}}