{"id":3249,"date":"2026-03-14T13:58:36","date_gmt":"2026-03-14T12:58:36","guid":{"rendered":"https:\/\/senat.cm\/?page_id=3249"},"modified":"2026-03-22T16:14:36","modified_gmt":"2026-03-22T15:14:36","slug":"se-deplacer-a-yaounde","status":"publish","type":"page","link":"https:\/\/senat.cm\/?page_id=3249","title":{"rendered":"Se d\u00e9placer \u00e0 Yaound\u00e9"},"content":{"rendered":"<p><section class=\"kc-elm kc-css-985271 kc_row\"><div class=\"kc-row-container  kc-container\"><div class=\"kc-wrap-columns\"><div class=\"kc-elm kc-css-670467 kc_col-sm-12 kc_column kc_col-sm-12\"><div class=\"kc-col-container\"><div class=\"kc-elm kc-css-851839\" style=\"height: 51px; clear: both; width:100%;\"><\/div><\/div><\/div><\/div><\/div><\/section><section class=\"kc-elm kc-css-413428 kc_row\"><div class=\"kc-row-container  kc-container\"><div class=\"kc-wrap-columns\"><div class=\"kc-elm kc-css-839334 kc_col-sm-4 kc_column kc_col-sm-4\"><div class=\"kc-col-container\"><div class=\"kc-elm kc-css-298757\" style=\"height: 30px; clear: both; width:100%;\"><\/div><div class=\"kc-elm kc-css-864192 kc-feature-boxes kc-fb-layout-2\">\n\n\t<figure class=\"content-image\"><img decoding=\"async\" src=\"https:\/\/senat.cm\/wp-content\/uploads\/2026\/03\/Taxi.jpg\" alt=\"\"><\/figure><div class=\"content-title\">Les taxis Jaunes<\/div><div class=\"content-desc\">Pour les d\u00e9placements collectifs et effectuant plusieurs arr\u00eats dans la ville. En fonction de la distance, pr\u00e9voir (300-350) FCFA. Ils offrent \u00e9galement des services de courses et de d\u00e9p\u00f4ts (1500-3500) selon les heures de la journ\u00e9e.<\/div>\n<\/div>\n<\/div><\/div><div class=\"kc-elm kc-css-687941 kc_col-sm-4 kc_column kc_col-sm-4\"><div class=\"kc-col-container\"><div class=\"kc-elm kc-css-221786\" style=\"height: 30px; clear: both; width:100%;\"><\/div><div class=\"kc-elm kc-css-948285 kc-feature-boxes kc-fb-layout-2\">\n\n\t<figure class=\"content-image\"><img decoding=\"async\" src=\"https:\/\/senat.cm\/wp-content\/uploads\/2026\/03\/Bus.jpg\" alt=\"\"><\/figure><div class=\"content-title\">Le Bus<\/div><div class=\"content-desc\">Un r\u00e9seau de bus urbains dessert les grands axes de la ville.<\/div>\n<\/div>\n<\/div><\/div><div class=\"kc-elm kc-css-724495 kc_col-sm-4 kc_column kc_col-sm-4\"><div class=\"kc-col-container\"><div class=\"kc-elm kc-css-796157\" style=\"height: 30px; clear: both; width:100%;\"><\/div><div class=\"kc-elm kc-css-970768 kc-feature-boxes kc-fb-layout-2\">\n\n\t<figure class=\"content-image\"><img decoding=\"async\" src=\"https:\/\/senat.cm\/wp-content\/uploads\/2026\/03\/Yango.jpg\" alt=\"\"><\/figure><div class=\"content-title\">Service de commande de courses<\/div><div class=\"content-desc\">Via des applications, le visiteur peut commander un service de courses. A cet effet YANGO est l\u2019un les plus usit\u00e9 \u00e0 Yaound\u00e9 et disponible sur Appstore et PlayStore.<\/div>\n<\/div>\n<\/div><\/div><\/div><\/div><\/section><section class=\"kc-elm kc-css-18399 kc_row\"><div class=\"kc-row-container  kc-container\"><div class=\"kc-wrap-columns\"><div class=\"kc-elm kc-css-471621 kc_col-sm-12 kc_column kc_col-sm-12\"><div class=\"kc-col-container\"><div class=\"kc-elm kc-css-152504\" style=\"height: 51px; clear: both; width:100%;\"><\/div><\/div><\/div><\/div><\/div><\/section><\/p>\n","protected":false},"excerpt":{"rendered":"","protected":false},"author":1,"featured_media":0,"parent":0,"menu_order":0,"comment_status":"closed","ping_status":"closed","template":"","meta":{"_monsterinsights_skip_tracking":false,"_monsterinsights_sitenote_active":false,"_monsterinsights_sitenote_note":"","_monsterinsights_sitenote_category":0,"footnotes":""},"folder":[],"class_list":["post-3249","page","type-page","status-publish","hentry"],"_links":{"self":[{"href":"https:\/\/senat.cm\/index.php?rest_route=\/wp\/v2\/pages\/3249","targetHints":{"allow":["GET"]}}],"collection":[{"href":"https:\/\/senat.cm\/index.php?rest_route=\/wp\/v2\/pages"}],"about":[{"href":"https:\/\/senat.cm\/index.php?rest_route=\/wp\/v2\/types\/page"}],"author":[{"embeddable":true,"href":"https:\/\/senat.cm\/index.php?rest_route=\/wp\/v2\/users\/1"}],"replies":[{"embeddable":true,"href":"https:\/\/senat.cm\/index.php?rest_route=%2Fwp%2Fv2%2Fcomments&post=3249"}],"version-history":[{"count":8,"href":"https:\/\/senat.cm\/index.php?rest_route=\/wp\/v2\/pages\/3249\/revisions"}],"predecessor-version":[{"id":3322,"href":"https:\/\/senat.cm\/index.php?rest_route=\/wp\/v2\/pages\/3249\/revisions\/3322"}],"wp:attachment":[{"href":"https:\/\/senat.cm\/index.php?rest_route=%2Fwp%2Fv2%2Fmedia&parent=3249"}],"wp:term":[{"taxonomy":"folder","embeddable":true,"href":"https:\/\/senat.cm\/index.php?rest_route=%2Fwp%2Fv2%2Ffolder&post=3249"}],"curies":[{"name":"wp","href":"https:\/\/api.w.org\/{rel}","templated":true}]}}